{"id":951,"date":"2021-03-01T10:58:07","date_gmt":"2021-03-01T09:58:07","guid":{"rendered":"https:\/\/www.icmbeyond.net\/?page_id=951"},"modified":"2022-02-23T17:10:44","modified_gmt":"2022-02-23T16:10:44","slug":"differenzierung-icm","status":"publish","type":"page","link":"https:\/\/www.icmbeyond.net\/?page_id=951","title":{"rendered":"Differenzierung &#038; ICM"},"content":{"rendered":"\n<figure class=\"wp-block-image size-large\"><img loading=\"lazy\" decoding=\"async\" width=\"1024\" height=\"276\" src=\"https:\/\/www.icmbeyond.net\/wp-content\/uploads\/2021\/08\/Header_Forschen-1024x276.png\" alt=\"\" class=\"wp-image-1580\" srcset=\"https:\/\/www.icmbeyond.net\/wp-content\/uploads\/2021\/08\/Header_Forschen-1024x276.png 1024w, https:\/\/www.icmbeyond.net\/wp-content\/uploads\/2021\/08\/Header_Forschen-300x81.png 300w, https:\/\/www.icmbeyond.net\/wp-content\/uploads\/2021\/08\/Header_Forschen-768x207.png 768w, https:\/\/www.icmbeyond.net\/wp-content\/uploads\/2021\/08\/Header_Forschen-1536x414.png 1536w, https:\/\/www.icmbeyond.net\/wp-content\/uploads\/2021\/08\/Header_Forschen-2048x551.png 2048w\" sizes=\"auto, (max-width: 1024px) 100vw, 1024px\" \/><\/figure>\n\n\n\n<div style=\"height:15px\" aria-hidden=\"true\" class=\"wp-block-spacer\"><\/div>\n\n\n<p><strong>Verschiedene Voraussetzungen der Studierenden ber\u00fccksichtigen\u00a0<\/strong><\/p>\n<p>Hauptansprechpersonen: <a href=\"mailto:svenja.geissler@kit.edu\">Svenja Gei\u00dfler\u00a0 &#8211; Karlsruher Institut f\u00fcr Technologie (KIT) \u00a0<\/a>&amp; <a href=\"mailto:aykul@tau.edu.tr\">Mona\u00a0 Aykul &#8211; T\u00fcrkisch Deutsche Universit\u00e4t<\/a> \u00a0\u00a0\u00a0\u00a0\u00a0\u00a0 <\/p>\n<p>Die Mitglieder in diesem Forschungsschwerpunkt behandeln vor allem Fragen hinsichtlich der verschiedenen Voraussetzungen der Studierenden und untersuchen die Heterogenit\u00e4tsdimensionen, die bei der Umsetzung bedacht werden m\u00fcssen, z.B.:<\/p>\n<ul>\n<li>Sprache<\/li>\n<li>Kultur<\/li>\n<li>Bildungsbiographien<\/li>\n<li>Selbstlernkompetenzen<\/li>\n<li>Einstellungen zum selbstst\u00e4ndigen Lernen, z.B. bei Berufst\u00e4tigen<\/li>\n<li>Lerngeschwindigkeiten und -bed\u00fcrfnisse, Stichwort: Inklusion<\/li>\n<li>Technik und Ausstattung, z.B. Ger\u00e4te, Internetverbindung, &#8230;<\/li>\n<li>Lebensumst\u00e4nde, z.B. Familie, Kinder, Wohn- und Lebensraum, &#8230;<\/li>\n<\/ul>\n<p>Es wird angenommen, dass diese Dimensionen den Einsatz von ICM beeinflussen, was sich wiederum im Lernerfolg, der Beteiligung sowie der wahrgenommenen Selbstwirksamkeit \u00e4u\u00dferen kann.<\/p>\n<p>Ziel dieser Gruppe ist es herauszufinden, welche Unterst\u00fctzungsma\u00dfnahmen im ICM diese Dimensionen ber\u00fccksichtigen k\u00f6nnen und somit die Umsetzung erfolgreicher werden kann.<\/p>","protected":false},"excerpt":{"rendered":"<p>Verschiedene Voraussetzungen der Studierenden ber\u00fccksichtigen\u00a0 Hauptansprechpersonen: Svenja Gei\u00dfler\u00a0 &#8211; Karlsruher Institut f\u00fcr Technologie (KIT) \u00a0&amp; Mona\u00a0 Aykul &#8211; T\u00fcrkisch Deutsche Universit\u00e4t \u00a0\u00a0\u00a0\u00a0\u00a0\u00a0 Die Mitglieder in diesem Forschungsschwerpunkt behandeln vor allem &#8230;<\/p>\n","protected":false},"author":11,"featured_media":0,"parent":918,"menu_order":15,"comment_status":"closed","ping_status":"closed","template":"","meta":{"footnotes":""},"class_list":["post-951","page","type-page","status-publish","hentry"],"_links":{"self":[{"href":"https:\/\/www.icmbeyond.net\/index.php?rest_route=\/wp\/v2\/pages\/951","targetHints":{"allow":["GET"]}}],"collection":[{"href":"https:\/\/www.icmbeyond.net\/index.php?rest_route=\/wp\/v2\/pages"}],"about":[{"href":"https:\/\/www.icmbeyond.net\/index.php?rest_route=\/wp\/v2\/types\/page"}],"author":[{"embeddable":true,"href":"https:\/\/www.icmbeyond.net\/index.php?rest_route=\/wp\/v2\/users\/11"}],"replies":[{"embeddable":true,"href":"https:\/\/www.icmbeyond.net\/index.php?rest_route=%2Fwp%2Fv2%2Fcomments&post=951"}],"version-history":[{"count":6,"href":"https:\/\/www.icmbeyond.net\/index.php?rest_route=\/wp\/v2\/pages\/951\/revisions"}],"predecessor-version":[{"id":2058,"href":"https:\/\/www.icmbeyond.net\/index.php?rest_route=\/wp\/v2\/pages\/951\/revisions\/2058"}],"up":[{"embeddable":true,"href":"https:\/\/www.icmbeyond.net\/index.php?rest_route=\/wp\/v2\/pages\/918"}],"wp:attachment":[{"href":"https:\/\/www.icmbeyond.net\/index.php?rest_route=%2Fwp%2Fv2%2Fmedia&parent=951"}],"curies":[{"name":"wp","href":"https:\/\/api.w.org\/{rel}","templated":true}]}}