{"id":918,"date":"2021-02-25T09:53:31","date_gmt":"2021-02-25T08:53:31","guid":{"rendered":"https:\/\/www.icmbeyond.net\/?page_id=918"},"modified":"2021-08-01T17:24:04","modified_gmt":"2021-08-01T15:24:04","slug":"gemeinsam-zu-icm-forschen","status":"publish","type":"page","link":"https:\/\/www.icmbeyond.net\/?page_id=918","title":{"rendered":"Forschen  zu ICM"},"content":{"rendered":"\n<figure class=\"wp-block-image size-large is-resized\"><img loading=\"lazy\" decoding=\"async\" src=\"https:\/\/www.icmbeyond.net\/wp-content\/uploads\/2021\/08\/Header_Forschen-1024x276.png\" alt=\"\" class=\"wp-image-1580\" width=\"1024\" height=\"276\" srcset=\"https:\/\/www.icmbeyond.net\/wp-content\/uploads\/2021\/08\/Header_Forschen-1024x276.png 1024w, https:\/\/www.icmbeyond.net\/wp-content\/uploads\/2021\/08\/Header_Forschen-300x81.png 300w, https:\/\/www.icmbeyond.net\/wp-content\/uploads\/2021\/08\/Header_Forschen-768x207.png 768w, https:\/\/www.icmbeyond.net\/wp-content\/uploads\/2021\/08\/Header_Forschen-1536x414.png 1536w, https:\/\/www.icmbeyond.net\/wp-content\/uploads\/2021\/08\/Header_Forschen-2048x551.png 2048w\" sizes=\"auto, (max-width: 1024px) 100vw, 1024px\" \/><\/figure>\n\n\n\n<div style=\"height:15px\" aria-hidden=\"true\" class=\"wp-block-spacer\"><\/div>\n\n\n\n<p>Bei der Konferenz <em><a href=\"https:\/\/www.icmbeyond.net\/?page_id=1183\" data-type=\"page\" data-id=\"1183\">Inverted Classroom and Beyond 2021<\/a><\/em> (gehostet von der FH St. P\u00f6lten, stand der zweite (Halb)Tag ganz im Zeichen einer Forschungswerkstatt (siehe hier die <a href=\"https:\/\/www.icmbeyond.net\/?page_id=941\">Dokumetation<\/a>). Entstanden sind dort drei &#8222;Forschungsstr\u00e4nge&#8220;. Wir haben diese hier \u00fcbersichtlich zusammengestellt.<\/p>\n\n\n\n<p>Es gibt folgende Optionen sich hier zu beteiligen:<\/p>\n\n\n\n<ol class=\"wp-block-list\"><li>Bei den Forschungsstr\u00e4ngen gibt es jeweils eine Hauptansprechperson: Dieser eine Mail senden, dann wird der Zugang zu einem Mailverteiler gegeben sowie zu weitergehenden Informationen zum aktuellen Stand des &#8222;Forschungsstrangs&#8220;<\/li><li>Wir haben weiter hier die Option er\u00f6ffnet zu den &#8222;Forschungsstr\u00e4ngen&#8220; Literatur- und Linkhinweise sowie Ideen f\u00fcr m\u00f6gliche F\u00f6rdert\u00f6pfe und -projekte einzubringen<\/li><li>Oder Sie senden uns als Mail Hinweise zu eigenen Forschungsprojekten, an denen Sie beteiligt sind \/ die geplant sind<\/li><\/ol>\n\n\n\n<div style=\"height:22px\" aria-hidden=\"true\" class=\"wp-block-spacer\"><\/div>\n\n\n\n<p>Wir freuen uns sehr darauf, dass die spannenden Ideen, die bei der Forschungswerkstatt 2021 entstanden sind weitergehen werden. Nat\u00fcrlich flie\u00dfen dann Ergebnisse bei folgenden Konferenzen und Publikationen ein.<\/p>\n\n\n\n<div style=\"height:43px\" aria-hidden=\"true\" class=\"wp-block-spacer\"><\/div>\n\n\n\n<div class=\"wp-block-columns is-layout-flex wp-container-core-columns-is-layout-9d6595d7 wp-block-columns-is-layout-flex\">\n<div class=\"wp-block-column is-layout-flow wp-block-column-is-layout-flow\" style=\"flex-basis:100%\">\n<div class=\"wp-block-group\"><div class=\"wp-block-group__inner-container is-layout-flow wp-block-group-is-layout-flow\">\n<div class=\"wp-block-buttons is-vertical is-layout-flex wp-block-buttons-is-layout-flex\">\n<div class=\"wp-block-button is-style-fill\"><a class=\"wp-block-button__link\" href=\"https:\/\/www.icmbeyond.net\/?page_id=941\">Dokumentation Forschungswerkstatt<\/a><\/div>\n\n\n\n<div class=\"wp-block-button\"><a class=\"wp-block-button__link\" href=\"https:\/\/www.icmbeyond.net\/?page_id=948\">Gestaltung der Vor- \/ Selbstlernphase(n)<\/a><\/div>\n\n\n\n<div class=\"wp-block-button is-style-fill\"><a class=\"wp-block-button__link\" href=\"https:\/\/www.icmbeyond.net\/?page_id=945\">Theoretische Fundierung des ICM<\/a><\/div>\n\n\n\n<div class=\"wp-block-button\"><a class=\"wp-block-button__link\" href=\"https:\/\/www.icmbeyond.net\/?page_id=951\">Differenzierung &amp; ICM<\/a><\/div>\n<\/div>\n<\/div><\/div>\n<\/div>\n<\/div>\n","protected":false},"excerpt":{"rendered":"<p>Bei der Konferenz Inverted Classroom and Beyond 2021 (gehostet von der FH St. P\u00f6lten, stand der zweite (Halb)Tag ganz im Zeichen einer Forschungswerkstatt (siehe hier die Dokumetation). Entstanden sind dort &#8230;<\/p>\n","protected":false},"author":11,"featured_media":0,"parent":47,"menu_order":11,"comment_status":"closed","ping_status":"closed","template":"","meta":{"footnotes":""},"class_list":["post-918","page","type-page","status-publish","hentry"],"_links":{"self":[{"href":"https:\/\/www.icmbeyond.net\/index.php?rest_route=\/wp\/v2\/pages\/918","targetHints":{"allow":["GET"]}}],"collection":[{"href":"https:\/\/www.icmbeyond.net\/index.php?rest_route=\/wp\/v2\/pages"}],"about":[{"href":"https:\/\/www.icmbeyond.net\/index.php?rest_route=\/wp\/v2\/types\/page"}],"author":[{"embeddable":true,"href":"https:\/\/www.icmbeyond.net\/index.php?rest_route=\/wp\/v2\/users\/11"}],"replies":[{"embeddable":true,"href":"https:\/\/www.icmbeyond.net\/index.php?rest_route=%2Fwp%2Fv2%2Fcomments&post=918"}],"version-history":[{"count":12,"href":"https:\/\/www.icmbeyond.net\/index.php?rest_route=\/wp\/v2\/pages\/918\/revisions"}],"predecessor-version":[{"id":1583,"href":"https:\/\/www.icmbeyond.net\/index.php?rest_route=\/wp\/v2\/pages\/918\/revisions\/1583"}],"up":[{"embeddable":true,"href":"https:\/\/www.icmbeyond.net\/index.php?rest_route=\/wp\/v2\/pages\/47"}],"wp:attachment":[{"href":"https:\/\/www.icmbeyond.net\/index.php?rest_route=%2Fwp%2Fv2%2Fmedia&parent=918"}],"curies":[{"name":"wp","href":"https:\/\/api.w.org\/{rel}","templated":true}]}}