{"id":50,"date":"2019-02-18T14:30:30","date_gmt":"2019-02-18T13:30:30","guid":{"rendered":"http:\/\/www.icmbeyond.net\/?page_id=50"},"modified":"2026-04-23T16:17:08","modified_gmt":"2026-04-23T14:17:08","slug":"das-organisationskomitee","status":"publish","type":"page","link":"https:\/\/www.icmbeyond.net\/?page_id=50","title":{"rendered":"ICM Board"},"content":{"rendered":"\r\n<figure class=\"wp-block-image size-large is-resized\"><img loading=\"lazy\" decoding=\"async\" class=\"wp-image-1615\" src=\"https:\/\/www.icmbeyond.net\/wp-content\/uploads\/2021\/08\/AdobeStock_420321620-1024x245.png\" alt=\"\" width=\"1024\" height=\"245\" srcset=\"https:\/\/www.icmbeyond.net\/wp-content\/uploads\/2021\/08\/AdobeStock_420321620-1024x245.png 1024w, https:\/\/www.icmbeyond.net\/wp-content\/uploads\/2021\/08\/AdobeStock_420321620-300x72.png 300w, https:\/\/www.icmbeyond.net\/wp-content\/uploads\/2021\/08\/AdobeStock_420321620-768x183.png 768w, https:\/\/www.icmbeyond.net\/wp-content\/uploads\/2021\/08\/AdobeStock_420321620-1536x367.png 1536w, https:\/\/www.icmbeyond.net\/wp-content\/uploads\/2021\/08\/AdobeStock_420321620-2048x489.png 2048w\" sizes=\"auto, (max-width: 1024px) 100vw, 1024px\" \/><\/figure>\r\n\r\n\r\n\r\n<div class=\"wp-block-spacer\" style=\"height: 15px;\" aria-hidden=\"true\">\u00a0<\/div>\r\n\r\n<p>&nbsp;<\/p>\r\n<p>Die Konferenz <strong>\u201eInverted Classroom and beyond\u201c<\/strong> will auch durch die Art und Weise, wie sie geplant, umgesetzt und kontinuierlich weiterentwickelt wird ein Beispiel daf\u00fcr geben, wie hochschul\u00fcbergreifende Zusammenarbeit gelingen kann.<\/p>\r\n<p>Das ICM Board\u00a0 k\u00fcmmert sich standort\u00fcbergreifend um die Planung und Organisation der Konferenz und unterst\u00fctzt das jeweilige Organisationskomite, z.B. beim Call for Participation und der Programmzusammenstellung.<\/p>\r\n<p>&nbsp;<\/p>\r\n\r\n<div class=\"wp-block-spacer\" style=\"height: 35px;\" aria-hidden=\"true\">\u00a0<\/div>\r\n\r\n<p><img loading=\"lazy\" decoding=\"async\" class=\"alignnone  wp-image-222\" src=\"http:\/\/www.icmbeyond.net\/wp-content\/uploads\/2019\/04\/vis2_JBuchner.jpg\" alt=\"\" width=\"160\" height=\"160\" srcset=\"https:\/\/www.icmbeyond.net\/wp-content\/uploads\/2019\/04\/vis2_JBuchner.jpg 200w, https:\/\/www.icmbeyond.net\/wp-content\/uploads\/2019\/04\/vis2_JBuchner-150x150.jpg 150w, https:\/\/www.icmbeyond.net\/wp-content\/uploads\/2019\/04\/vis2_JBuchner-140x140.jpg 140w, https:\/\/www.icmbeyond.net\/wp-content\/uploads\/2019\/04\/vis2_JBuchner-80x80.jpg 80w\" sizes=\"auto, (max-width: 160px) 100vw, 160px\" \/> Dr. Josef Buchner \u00b7 <a href=\"https:\/\/www.phsg.ch\/de\/team\/dr-josef-buchner\">PH St. Gallen<\/a><\/p>\r\n<p><!-- \/wp:post-content --><\/p>\r\n<p><img loading=\"lazy\" decoding=\"async\" class=\"alignnone wp-image-2413 \" src=\"https:\/\/www.icmbeyond.net\/wp-content\/uploads\/2025\/10\/Sabine-Ehnert_BW.jpg\" alt=\"\" width=\"160\" height=\"160\" srcset=\"https:\/\/www.icmbeyond.net\/wp-content\/uploads\/2025\/10\/Sabine-Ehnert_BW.jpg 1432w, https:\/\/www.icmbeyond.net\/wp-content\/uploads\/2025\/10\/Sabine-Ehnert_BW-300x300.jpg 300w, https:\/\/www.icmbeyond.net\/wp-content\/uploads\/2025\/10\/Sabine-Ehnert_BW-1024x1024.jpg 1024w, https:\/\/www.icmbeyond.net\/wp-content\/uploads\/2025\/10\/Sabine-Ehnert_BW-150x150.jpg 150w, https:\/\/www.icmbeyond.net\/wp-content\/uploads\/2025\/10\/Sabine-Ehnert_BW-768x768.jpg 768w\" sizes=\"auto, (max-width: 160px) 100vw, 160px\" \/> Sabine Ehnert \u00b7 <a href=\"https:\/\/www.hs-osnabrueck.de\/elearning-competence-center\/edidaktik-tools\/\">HS Osnabr\u00fcck<\/a> \u00b7 ICM 2025 an der HS Osnabr\u00fcck<\/p>\r\n<p><img loading=\"lazy\" decoding=\"async\" class=\"alignnone wp-image-1047 \" src=\"https:\/\/www.icmbeyond.net\/wp-content\/uploads\/2021\/04\/judith.jpg\" alt=\"\" width=\"161\" height=\"161\" srcset=\"https:\/\/www.icmbeyond.net\/wp-content\/uploads\/2021\/04\/judith.jpg 199w, https:\/\/www.icmbeyond.net\/wp-content\/uploads\/2021\/04\/judith-150x150.jpg 150w, https:\/\/www.icmbeyond.net\/wp-content\/uploads\/2021\/04\/judith-140x140.jpg 140w, https:\/\/www.icmbeyond.net\/wp-content\/uploads\/2021\/04\/judith-80x80.jpg 80w\" sizes=\"auto, (max-width: 161px) 100vw, 161px\" \/> Judith\u00b7H\u00fcther \u00b7 <a href=\"https:\/\/www.fhgr.ch\/personen\/person\/huether-judith\/\">FH Graub\u00fcnden <\/a>\u00b7 ICM 2023 an der FH Graub\u00fcnden<\/p>\r\n<p><img loading=\"lazy\" decoding=\"async\" class=\"alignnone wp-image-2414 \" src=\"https:\/\/www.icmbeyond.net\/wp-content\/uploads\/2025\/10\/Foto-Hilde-Krug_BW.jpg\" alt=\"\" width=\"160\" height=\"160\" srcset=\"https:\/\/www.icmbeyond.net\/wp-content\/uploads\/2025\/10\/Foto-Hilde-Krug_BW.jpg 349w, https:\/\/www.icmbeyond.net\/wp-content\/uploads\/2025\/10\/Foto-Hilde-Krug_BW-300x300.jpg 300w, https:\/\/www.icmbeyond.net\/wp-content\/uploads\/2025\/10\/Foto-Hilde-Krug_BW-150x150.jpg 150w\" sizes=\"auto, (max-width: 160px) 100vw, 160px\" \/> Hilde Krug \u00b7 <a href=\"https:\/\/www.hslu.ch\/de-ch\/hochschule-luzern\/ueber-uns\/personensuche\/profile\/?pid=4924\">HS Luzern<\/a><a href=\"https:\/\/www.fhgr.ch\/personen\/person\/huether-judith\/\">\u00a0<\/a>\u00b7 ICM 2027 an der HSLU Hochschule Luzern<\/p>\r\n<p><img loading=\"lazy\" decoding=\"async\" class=\"alignnone  wp-image-224\" src=\"http:\/\/www.icmbeyond.net\/wp-content\/uploads\/2019\/04\/vis4_KMorisse.jpg\" alt=\"\" width=\"160\" height=\"160\" srcset=\"https:\/\/www.icmbeyond.net\/wp-content\/uploads\/2019\/04\/vis4_KMorisse.jpg 200w, https:\/\/www.icmbeyond.net\/wp-content\/uploads\/2019\/04\/vis4_KMorisse-150x150.jpg 150w, https:\/\/www.icmbeyond.net\/wp-content\/uploads\/2019\/04\/vis4_KMorisse-140x140.jpg 140w, https:\/\/www.icmbeyond.net\/wp-content\/uploads\/2019\/04\/vis4_KMorisse-80x80.jpg 80w\" sizes=\"auto, (max-width: 160px) 100vw, 160px\" \/> Prof. Dr. Karsten Morisse \u00b7 <a href=\"https:\/\/www.hs-osnabrueck.de\/de\/prof-dr-karsten-morisse\/\" target=\"_blank\" rel=\"noopener noreferrer\">HS Osnabr\u00fcck <\/a>\u00b7 ICM 2025 an der HS Osnabr\u00fcck<\/p>\r\n<p><img loading=\"lazy\" decoding=\"async\" class=\"alignnone wp-image-1032 \" src=\"https:\/\/www.icmbeyond.net\/wp-content\/uploads\/2021\/03\/Iris_Fotografin-Adelheid-Rutenburges-uni-paderborn-4_bw_200_200.jpg\" alt=\"\" width=\"158\" height=\"158\" srcset=\"https:\/\/www.icmbeyond.net\/wp-content\/uploads\/2021\/03\/Iris_Fotografin-Adelheid-Rutenburges-uni-paderborn-4_bw_200_200.jpg 200w, https:\/\/www.icmbeyond.net\/wp-content\/uploads\/2021\/03\/Iris_Fotografin-Adelheid-Rutenburges-uni-paderborn-4_bw_200_200-150x150.jpg 150w, https:\/\/www.icmbeyond.net\/wp-content\/uploads\/2021\/03\/Iris_Fotografin-Adelheid-Rutenburges-uni-paderborn-4_bw_200_200-140x140.jpg 140w, https:\/\/www.icmbeyond.net\/wp-content\/uploads\/2021\/03\/Iris_Fotografin-Adelheid-Rutenburges-uni-paderborn-4_bw_200_200-80x80.jpg 80w\" sizes=\"auto, (max-width: 158px) 100vw, 158px\" \/> Dipl. P\u00e4d. Iris Neiske, MA \u00b7 <a href=\"https:\/\/www.uni-paderborn.de\/person\/53827\" target=\"_blank\" rel=\"noopener noreferrer\">Universit\u00e4t Paderborn<\/a> \u00b7 ICM 2022 an der Uni Paderborn<\/p>\r\n<p><img loading=\"lazy\" decoding=\"async\" class=\"alignnone  wp-image-225\" src=\"http:\/\/www.icmbeyond.net\/wp-content\/uploads\/2019\/04\/vis5_RReimer.jpg\" alt=\"\" width=\"160\" height=\"160\" srcset=\"https:\/\/www.icmbeyond.net\/wp-content\/uploads\/2019\/04\/vis5_RReimer.jpg 200w, https:\/\/www.icmbeyond.net\/wp-content\/uploads\/2019\/04\/vis5_RReimer-150x150.jpg 150w, https:\/\/www.icmbeyond.net\/wp-content\/uploads\/2019\/04\/vis5_RReimer-140x140.jpg 140w, https:\/\/www.icmbeyond.net\/wp-content\/uploads\/2019\/04\/vis5_RReimer-80x80.jpg 80w\" sizes=\"auto, (max-width: 160px) 100vw, 160px\" \/> Ricarda T. D. Reimer \u00b7<a href=\"ricarda.reimer@gmx.ch\"> EB Z\u00fcrich<\/a> (Erwachsenenbildung Z\u00fcrich), Kanton Z\u00fcrich \u00a0<\/p>\r\n<p><img loading=\"lazy\" decoding=\"async\" class=\"alignnone wp-image-2417 \" src=\"https:\/\/www.icmbeyond.net\/wp-content\/uploads\/2025\/10\/Karin_2.jpg\" alt=\"\" width=\"160\" height=\"160\" srcset=\"https:\/\/www.icmbeyond.net\/wp-content\/uploads\/2025\/10\/Karin_2.jpg 300w, https:\/\/www.icmbeyond.net\/wp-content\/uploads\/2025\/10\/Karin_2-150x150.jpg 150w\" sizes=\"auto, (max-width: 160px) 100vw, 160px\" \/>\u00a0Karin Tengler, BEd MA, PhD \u00b7 <a href=\"https:\/\/www.ph-noe.ac.at\/de\/personen\/karin-tengler\">PH Nieder\u00f6sterreich \u00b7<\/a> ICM 2020 an der PH Nieder\u00f6sterreich<\/p>\r\n<p>&nbsp;<\/p>","protected":false},"excerpt":{"rendered":"<p>&nbsp; Die Konferenz \u201eInverted Classroom and beyond\u201c will auch durch die Art und Weise, wie sie geplant, umgesetzt und kontinuierlich weiterentwickelt wird ein Beispiel daf\u00fcr geben, wie hochschul\u00fcbergreifende Zusammenarbeit gelingen &#8230;<\/p>\n","protected":false},"author":11,"featured_media":0,"parent":1150,"menu_order":19,"comment_status":"closed","ping_status":"closed","template":"","meta":{"footnotes":""},"class_list":["post-50","page","type-page","status-publish","hentry"],"_links":{"self":[{"href":"https:\/\/www.icmbeyond.net\/index.php?rest_route=\/wp\/v2\/pages\/50","targetHints":{"allow":["GET"]}}],"collection":[{"href":"https:\/\/www.icmbeyond.net\/index.php?rest_route=\/wp\/v2\/pages"}],"about":[{"href":"https:\/\/www.icmbeyond.net\/index.php?rest_route=\/wp\/v2\/types\/page"}],"author":[{"embeddable":true,"href":"https:\/\/www.icmbeyond.net\/index.php?rest_route=\/wp\/v2\/users\/11"}],"replies":[{"embeddable":true,"href":"https:\/\/www.icmbeyond.net\/index.php?rest_route=%2Fwp%2Fv2%2Fcomments&post=50"}],"version-history":[{"count":23,"href":"https:\/\/www.icmbeyond.net\/index.php?rest_route=\/wp\/v2\/pages\/50\/revisions"}],"predecessor-version":[{"id":2433,"href":"https:\/\/www.icmbeyond.net\/index.php?rest_route=\/wp\/v2\/pages\/50\/revisions\/2433"}],"up":[{"embeddable":true,"href":"https:\/\/www.icmbeyond.net\/index.php?rest_route=\/wp\/v2\/pages\/1150"}],"wp:attachment":[{"href":"https:\/\/www.icmbeyond.net\/index.php?rest_route=%2Fwp%2Fv2%2Fmedia&parent=50"}],"curies":[{"name":"wp","href":"https:\/\/api.w.org\/{rel}","templated":true}]}}