{"id":35,"date":"2019-02-18T14:09:48","date_gmt":"2019-02-18T13:09:48","guid":{"rendered":"http:\/\/www.icmbeyond.net\/?page_id=35"},"modified":"2021-07-24T12:00:56","modified_gmt":"2021-07-24T10:00:56","slug":"datenschutzerklaerung-2","status":"publish","type":"page","link":"https:\/\/www.icmbeyond.net\/?page_id=35","title":{"rendered":"Datenschutzerkl\u00e4rung"},"content":{"rendered":"\n<h2 class=\"wp-block-heading\">Datenerhebung sowie Zwecke der Verarbeitung<\/h2>\n\n\n\n<p>Die automationsunterst\u00fctze Datenverarbeitung erfolgt zum Zwecke der Newsletter-Abonnierung. Diese Verarbeitung basiert auf Ihrer datenschutzrechtlichen Einwilligung. Wir verarbeiten automationsunterst\u00fctzt all jene personenbezogenen Daten, die Sie selbst bei Anmeldung bekannt geben.<\/p>\n\n\n\n<p>Die Abwicklung kann nur auf dem Wege der bereitgestellten Online Applikation und unter Bekanntgabe der geforderten Informationen (mit * versehene Felder sind Pflichtfelder) abgewickelt werden. Die Nichtbereitstellung der notwendigen Daten steht einer Bearbeitung Ihrer Anfrage entgegen.<\/p>\n\n\n\n<div style=\"height:35px\" aria-hidden=\"true\" class=\"wp-block-spacer\"><\/div>\n\n\n\n<h2 class=\"wp-block-heading\">Welche Daten werden gespeichert?<\/h2>\n\n\n\n<p>Wir speichern die Informationen, die Sie bekanntgeben. Dies ist insbesondere Ihre E-Mail-Adresse.<\/p>\n\n\n\n<div style=\"height:35px\" aria-hidden=\"true\" class=\"wp-block-spacer\"><\/div>\n\n\n\n<h2 class=\"wp-block-heading\">Wie lange werden die Daten gespeichert?<\/h2>\n\n\n\n<p>Ihre Daten werden sp\u00e4testens nach 3 Jahren ab letzten R\u00fcckkontakt einer L\u00f6schung zugef\u00fchrt, sofern Sie nicht einer l\u00e4ngeren Speicherung zugestimmt haben.<\/p>\n\n\n\n<div style=\"height:35px\" aria-hidden=\"true\" class=\"wp-block-spacer\"><\/div>\n\n\n\n<h2 class=\"wp-block-heading\">Widerruf der Einwilligung<\/h2>\n\n\n\n<p>Die im Rahmen der Web-Anwendung Ihrerseits erteilte Einwilligung kann jederzeit widerrufen werden, ohne dass dadurch jedoch die Rechtm\u00e4\u00dfigkeit der aufgrund der Einwilligung bis zum Widerruf erfolgten Verarbeitung ber\u00fchrt wird. Im Falles des Widerrufs Ihrer Einwilligung werden alle, auf Ihre Person r\u00fcckf\u00fchrbaren Daten gel\u00f6scht. Eine weitere Bearbeitung Ihrer Anfrage ist daher nicht m\u00f6glich. Der Widerruf ist bei folgender Mail-Adresse einzubringen:\u00a0<a href=\"mailto:datenschutz@fhstp.ac.at\">cfreisleben@fhstp.ac.at<\/a><\/p>\n\n\n\n<div style=\"height:35px\" aria-hidden=\"true\" class=\"wp-block-spacer\"><\/div>\n\n\n\n<h2 class=\"wp-block-heading\">\u00dcbermittlungsempf\u00e4nger<\/h2>\n\n\n\n<p>Die Daten aus der Verarbeitungst\u00e4tigkeit \u201eNewsletterversand\u201c werden an eine\/n AuftragsverarbeiterIn innerhalb des EU-Raumes \u00fcbermittelt, und zwar zur Abwicklung des Newsletter-Versands.<\/p>\n\n\n\n<div style=\"height:35px\" aria-hidden=\"true\" class=\"wp-block-spacer\"><\/div>\n\n\n\n<h2 class=\"wp-block-heading\">Datensicherheit<\/h2>\n\n\n\n<p>Alle Daten werden auf Servern gespeichert, die mit einem hohen Sicherheitsstandard betrieben werden und vor dem Zugriff unberechtigter Personen und Missbrauch gesch\u00fctzt werden.<\/p>\n\n\n\n<div style=\"height:35px\" aria-hidden=\"true\" class=\"wp-block-spacer\"><\/div>\n\n\n\n<h2 class=\"wp-block-heading\">Sonstige Betroffenenrechte<\/h2>\n\n\n\n<p>Weiters haben Sie folgende Rechte:<\/p>\n\n\n\n<ul class=\"wp-block-list\"><li>Recht auf Auskunft \u00fcber die betreffenden personenbezogenen Daten<\/li><li>Recht auf Berichtigung, L\u00f6schung oder Einschr\u00e4nkung der Verarbeitung<\/li><li>Recht auf Daten\u00fcbertragbarkeit<\/li><\/ul>\n","protected":false},"excerpt":{"rendered":"<p>Datenerhebung sowie Zwecke der Verarbeitung Die automationsunterst\u00fctze Datenverarbeitung erfolgt zum Zwecke der Newsletter-Abonnierung. Diese Verarbeitung basiert auf Ihrer datenschutzrechtlichen Einwilligung. Wir verarbeiten automationsunterst\u00fctzt all jene personenbezogenen Daten, die Sie selbst &#8230;<\/p>\n","protected":false},"author":11,"featured_media":0,"parent":0,"menu_order":99,"comment_status":"closed","ping_status":"closed","template":"","meta":{"footnotes":""},"class_list":["post-35","page","type-page","status-publish","hentry"],"_links":{"self":[{"href":"https:\/\/www.icmbeyond.net\/index.php?rest_route=\/wp\/v2\/pages\/35","targetHints":{"allow":["GET"]}}],"collection":[{"href":"https:\/\/www.icmbeyond.net\/index.php?rest_route=\/wp\/v2\/pages"}],"about":[{"href":"https:\/\/www.icmbeyond.net\/index.php?rest_route=\/wp\/v2\/types\/page"}],"author":[{"embeddable":true,"href":"https:\/\/www.icmbeyond.net\/index.php?rest_route=\/wp\/v2\/users\/11"}],"replies":[{"embeddable":true,"href":"https:\/\/www.icmbeyond.net\/index.php?rest_route=%2Fwp%2Fv2%2Fcomments&post=35"}],"version-history":[{"count":6,"href":"https:\/\/www.icmbeyond.net\/index.php?rest_route=\/wp\/v2\/pages\/35\/revisions"}],"predecessor-version":[{"id":1470,"href":"https:\/\/www.icmbeyond.net\/index.php?rest_route=\/wp\/v2\/pages\/35\/revisions\/1470"}],"wp:attachment":[{"href":"https:\/\/www.icmbeyond.net\/index.php?rest_route=%2Fwp%2Fv2%2Fmedia&parent=35"}],"curies":[{"name":"wp","href":"https:\/\/api.w.org\/{rel}","templated":true}]}}