{"id":2345,"date":"2023-08-22T14:32:15","date_gmt":"2023-08-22T12:32:15","guid":{"rendered":"https:\/\/www.icmbeyond.net\/?page_id=2345"},"modified":"2024-07-22T10:48:18","modified_gmt":"2024-07-22T08:48:18","slug":"icm2024","status":"publish","type":"page","link":"https:\/\/www.icmbeyond.net\/?page_id=2345","title":{"rendered":"ICM2024 in St. P\u00f6lten"},"content":{"rendered":"\r\n<figure><\/figure>\r\n<figure class=\"wp-block-image size-large is-resized\"><img loading=\"lazy\" decoding=\"async\" class=\"alignnone size-full wp-image-2346\" src=\"https:\/\/www.icmbeyond.net\/wp-content\/uploads\/2023\/08\/fh-St.Poelten.jpg\" alt=\"FH St P\u00f6lten Bild\" width=\"1254\" height=\"347\" srcset=\"https:\/\/www.icmbeyond.net\/wp-content\/uploads\/2023\/08\/fh-St.Poelten.jpg 1254w, https:\/\/www.icmbeyond.net\/wp-content\/uploads\/2023\/08\/fh-St.Poelten-300x83.jpg 300w, https:\/\/www.icmbeyond.net\/wp-content\/uploads\/2023\/08\/fh-St.Poelten-1024x283.jpg 1024w, https:\/\/www.icmbeyond.net\/wp-content\/uploads\/2023\/08\/fh-St.Poelten-768x213.jpg 768w\" sizes=\"auto, (max-width: 1254px) 100vw, 1254px\" \/><\/figure>\r\n\r\n\r\n\r\n<div class=\"wp-block-spacer\" style=\"height: 15px;\" aria-hidden=\"true\">\u00a0<\/div>\r\n\r\n\r\n\r\n<h3 class=\"wp-block-heading\"><strong>Innovative Lehrveranstaltungsformate. Das Curriculum der Zukunft gestalten!<\/strong><\/h3>\r\n\r\n\r\n\r\n<h3 class=\"wp-block-heading\"><strong>Tag der Lehre | Inverted Classroom and Beyond 2024<\/strong><\/h3>\r\n\r\n\r\n\r\n<p>13.-14. Februar 2024 an der FH St. P\u00f6lten<\/p>\r\n\r\n\r\n\r\n<p>Seit elf Jahren ist der Tag der Lehre die gr\u00f6\u00dfte hausinterne Tagung rund um innovatives Lehren und Lernen an der FH St. P\u00f6lten und zieht zunehmend internationale Hochschullehrende, Strategieentwickler*innen und Hochschuldidaktiker*innen an. Die Konferenz Inverted Classroom and beyond findet bereits zum dreizehnten Mal statt und ist mittlerweile eine nicht wegzudenkende Impulsgeberin f\u00fcr innovative Hochschuldidaktik im deutschen Sprachraum. Die Kombination der beiden Formate im Jahr 2024 bietet erweiterten Raum f\u00fcr Austausch und Inspiration.<\/p>\r\n\r\n\r\n\r\n\r\n\r\n<h3 class=\"wp-block-heading\"><strong>Weiterf\u00fchrende Links:<\/strong><\/h3>\r\n\r\n\r\n\r\n<p><a class=\"wp-block-button__link\" href=\"https:\/\/tagderlehre.fhstp.ac.at\/programm\">Programm ICM 2024<\/a><\/p>\r\n\r\n<div class=\"wp-block-button\"><a href=\"https:\/\/tagderlehre.fhstp.ac.at\/nachlese-2024\">Nachlese<\/a> mit diversen Blogbeitr\u00e4gen \u00fcber die ICM and beyond \/ den Teag der Lehre &#8211; es gab keinen Tagungsband<\/div>\r\n","protected":false},"excerpt":{"rendered":"<p>Innovative Lehrveranstaltungsformate. Das Curriculum der Zukunft gestalten! Tag der Lehre | Inverted Classroom and Beyond 2024 13.-14. Februar 2024 an der FH St. P\u00f6lten Seit elf Jahren ist der Tag &#8230;<\/p>\n","protected":false},"author":12,"featured_media":0,"parent":0,"menu_order":0,"comment_status":"closed","ping_status":"closed","template":"","meta":{"footnotes":""},"class_list":["post-2345","page","type-page","status-publish","hentry"],"_links":{"self":[{"href":"https:\/\/www.icmbeyond.net\/index.php?rest_route=\/wp\/v2\/pages\/2345","targetHints":{"allow":["GET"]}}],"collection":[{"href":"https:\/\/www.icmbeyond.net\/index.php?rest_route=\/wp\/v2\/pages"}],"about":[{"href":"https:\/\/www.icmbeyond.net\/index.php?rest_route=\/wp\/v2\/types\/page"}],"author":[{"embeddable":true,"href":"https:\/\/www.icmbeyond.net\/index.php?rest_route=\/wp\/v2\/users\/12"}],"replies":[{"embeddable":true,"href":"https:\/\/www.icmbeyond.net\/index.php?rest_route=%2Fwp%2Fv2%2Fcomments&post=2345"}],"version-history":[{"count":8,"href":"https:\/\/www.icmbeyond.net\/index.php?rest_route=\/wp\/v2\/pages\/2345\/revisions"}],"predecessor-version":[{"id":2372,"href":"https:\/\/www.icmbeyond.net\/index.php?rest_route=\/wp\/v2\/pages\/2345\/revisions\/2372"}],"wp:attachment":[{"href":"https:\/\/www.icmbeyond.net\/index.php?rest_route=%2Fwp%2Fv2%2Fmedia&parent=2345"}],"curies":[{"name":"wp","href":"https:\/\/api.w.org\/{rel}","templated":true}]}}