{"id":2209,"date":"2022-06-08T12:05:16","date_gmt":"2022-06-08T10:05:16","guid":{"rendered":"https:\/\/www.icmbeyond.net\/?page_id=2209"},"modified":"2023-04-27T09:25:59","modified_gmt":"2023-04-27T07:25:59","slug":"icm-2023","status":"publish","type":"page","link":"https:\/\/www.icmbeyond.net\/?page_id=2209","title":{"rendered":"ICM 2023"},"content":{"rendered":"\r\n<h3 class=\"wp-block-heading\">Inverted Classroom and beyond<\/h3>\r\n\r\n\r\n\r\n<h3 class=\"wp-block-heading\">16. &amp; 17. Februar 2023, Fachhochschule Graub\u00fcnden in Chur (Schweiz)<\/h3>\r\n\r\n\r\n\r\n<figure class=\"wp-block-image size-large\"><img loading=\"lazy\" decoding=\"async\" width=\"1024\" height=\"335\" class=\"wp-image-2287\" src=\"https:\/\/www.icmbeyond.net\/wp-content\/uploads\/2022\/11\/icm-header-mit-logo-1024x335.jpg\" alt=\"\" srcset=\"https:\/\/www.icmbeyond.net\/wp-content\/uploads\/2022\/11\/icm-header-mit-logo-1024x335.jpg 1024w, https:\/\/www.icmbeyond.net\/wp-content\/uploads\/2022\/11\/icm-header-mit-logo-300x98.jpg 300w, https:\/\/www.icmbeyond.net\/wp-content\/uploads\/2022\/11\/icm-header-mit-logo-768x251.jpg 768w, https:\/\/www.icmbeyond.net\/wp-content\/uploads\/2022\/11\/icm-header-mit-logo-1536x503.jpg 1536w, https:\/\/www.icmbeyond.net\/wp-content\/uploads\/2022\/11\/icm-header-mit-logo-2048x670.jpg 2048w\" sizes=\"auto, (max-width: 1024px) 100vw, 1024px\" \/><\/figure>\r\n\r\n\r\n\r\n<h3 class=\"wp-block-heading\">Unter dem Motto: Agile Didaktik f\u00fcr nachhaltige Bildung<\/h3>\r\n\r\n\r\n\r\n<p>&nbsp;<\/p>\r\n\r\n\r\n\r\n<p>Die zw\u00f6lfte Tagung \u201eInverted Classroom and beyond\u201c widmete sich dem Fokusthema <em>Agile Didaktik f\u00fcr nachhaltige Bildung. <\/em>Eine intensive Auseinandersetzung mit diesen Inhalten wird durch vielf\u00e4ltige Formate initiiert und begleitet. Durch die M\u00f6glichkeit, andere Pr\u00e4sentationsformate selbst zu erleben und mitzugestalten, k\u00f6nnen gleichzeitig Impulse zur Weiterentwicklung innovativer Hochschuldidaktik entstehen. Die Tagung ist eine D-A-CH-Tagung und fand im Jahr 2023 in der Schweiz statt.\u00a0<\/p>\r\n\r\n\r\n\r\n<p>Mit 50 Beitr\u00e4gen freuten wir uns \u00fcber ein spannendes Programm.<\/p>\r\n<p>Im Programm findet sich auch die Dokumentation in Form von Folien und Aufzeichnungen: <a class=\"wp-block-button__link\" href=\"https:\/\/icmbeyond2023.notion.site\/ICMbeyond-2023-6da690c360c9433eaac387ff1cff3a35\" target=\"_blank\" rel=\"noreferrer noopener\">Programm<\/a><\/p>\r\n\r\n\r\n\r\n\r\n\r\n<div class=\"wp-block-buttons is-layout-flex wp-block-buttons-is-layout-flex\">\u00a0<\/div>\r\n","protected":false},"excerpt":{"rendered":"<p>Inverted Classroom and beyond 16. &amp; 17. Februar 2023, Fachhochschule Graub\u00fcnden in Chur (Schweiz) Unter dem Motto: Agile Didaktik f\u00fcr nachhaltige Bildung &nbsp; Die zw\u00f6lfte Tagung \u201eInverted Classroom and beyond\u201c &#8230;<\/p>\n","protected":false},"author":16,"featured_media":2207,"parent":0,"menu_order":0,"comment_status":"closed","ping_status":"closed","template":"","meta":{"footnotes":""},"class_list":["post-2209","page","type-page","status-publish","has-post-thumbnail","hentry"],"_links":{"self":[{"href":"https:\/\/www.icmbeyond.net\/index.php?rest_route=\/wp\/v2\/pages\/2209","targetHints":{"allow":["GET"]}}],"collection":[{"href":"https:\/\/www.icmbeyond.net\/index.php?rest_route=\/wp\/v2\/pages"}],"about":[{"href":"https:\/\/www.icmbeyond.net\/index.php?rest_route=\/wp\/v2\/types\/page"}],"author":[{"embeddable":true,"href":"https:\/\/www.icmbeyond.net\/index.php?rest_route=\/wp\/v2\/users\/16"}],"replies":[{"embeddable":true,"href":"https:\/\/www.icmbeyond.net\/index.php?rest_route=%2Fwp%2Fv2%2Fcomments&post=2209"}],"version-history":[{"count":47,"href":"https:\/\/www.icmbeyond.net\/index.php?rest_route=\/wp\/v2\/pages\/2209\/revisions"}],"predecessor-version":[{"id":2328,"href":"https:\/\/www.icmbeyond.net\/index.php?rest_route=\/wp\/v2\/pages\/2209\/revisions\/2328"}],"wp:featuredmedia":[{"embeddable":true,"href":"https:\/\/www.icmbeyond.net\/index.php?rest_route=\/wp\/v2\/media\/2207"}],"wp:attachment":[{"href":"https:\/\/www.icmbeyond.net\/index.php?rest_route=%2Fwp%2Fv2%2Fmedia&parent=2209"}],"curies":[{"name":"wp","href":"https:\/\/api.w.org\/{rel}","templated":true}]}}