{"id":2070,"date":"2022-03-02T10:41:38","date_gmt":"2022-03-02T09:41:38","guid":{"rendered":"https:\/\/www.icmbeyond.net\/?page_id=2070"},"modified":"2022-11-11T10:01:41","modified_gmt":"2022-11-11T09:01:41","slug":"icm2022","status":"publish","type":"page","link":"https:\/\/www.icmbeyond.net\/?page_id=2070","title":{"rendered":"ICM 2022"},"content":{"rendered":"\n<p><\/p>\n\n\n\n<div style=\"height:15px\" aria-hidden=\"true\" class=\"wp-block-spacer\"><\/div>\n\n\n\n<h3 class=\"wp-block-heading\"><strong>&#8222;Inverted Classroom and beyond&#8220; meets Tag der Lehre<\/strong> der Universit\u00e4t Paderborn<\/h3>\n\n\n\n<h3 class=\"wp-block-heading\"><strong>Student Engagement &#8211; aktive Teilhabe von Lernenden in Studium und Schule f\u00f6rdern<\/strong><\/h3>\n\n\n\n<p>22. &amp; 23. Februar 2022, Universit\u00e4t Paderborn<\/p>\n\n\n\n<p class=\"has-normal-font-size\">In ihrem elften Jahr verband sich die Tagung &#8222;Inverted Classroom and beyond&#8220; mit dem Tag der Lehre an der Universit\u00e4t Paderborn und trug zu einem internationalen Austausch bei. Beide Formate bereicherten sich gegenseitig, da nicht nur strukturell, sondern auch inhaltlich eine Verkn\u00fcpfung vorgenommen wurde: Das Inverted-Classroom-Modell (ICM) erfuhr in diesem Jahr eine besondere Fokussierung durch das Konzept des <em>student engagement<\/em>.<\/p>\n\n\n\n<p class=\"has-normal-font-size\">Eine intensive Auseinandersetzung mit diesen Inhalten wurde durch <a href=\"https:\/\/www.icmbeyond.net\/?page_id=1303\" data-type=\"page\" data-id=\"1303\">vielf\u00e4ltige Formate<\/a> initiiert und begleitet. Durch die M\u00f6glichkeit, andere Pr\u00e4sentationsformate selbst zu erleben und mitzugestalten, konnten gleichzeitig Impulse zur Weiterentwicklung innovativer Hochschuldidaktik entstehen.<\/p>\n\n\n<p>Hier finden Sie den <a href=\"https:\/\/www.icmbeyond.net\/wp-content\/uploads\/2021\/08\/Call-for-Participation-Inverted-Classroom-and-beyond.pdf\">Call for Participation<\/a> zum Nachlesen.<\/p>\n\n\n<div class=\"wp-block-columns is-layout-flex wp-container-core-columns-is-layout-9d6595d7 wp-block-columns-is-layout-flex\">\n<div class=\"wp-block-column is-layout-flow wp-block-column-is-layout-flow\" style=\"flex-basis:33.33%\">\n<h3 class=\"alignfull wp-block-heading\">R\u00fcckblicke auf die ICM beyond 2022<\/h3>\n\n\n\n<p><\/p>\n<\/div>\n\n\n\n<div class=\"wp-block-column is-layout-flow wp-block-column-is-layout-flow\" style=\"flex-basis:66.66%\">\n<p>Einen sehr gelungen R\u00fcckblick hat Alexander Sperl im Blog des Zentrums f\u00fcr Lehrinnovationen gepostete; <a href=\"https:\/\/www.fernuni-hagen.de\/zli\/blog\/student-engagement-disruptive-bildung-murmelgruppen-rueckblick-auf-die-icmbeyond-2022\/\">https:\/\/www.fernuni-hagen.de\/zli\/blog\/student-engagement-disruptive-bildung-murmelgruppen-rueckblick-auf-die-icmbeyond-2022\/<\/a><\/p>\n<p>Auch Ricarda Reimer ver\u00f6ffentlichte im Blog der Fachstelle digitales Lehren und Lernen einen gelungenen R\u00fcckblick: <a href=\"https:\/\/www.digitallernen.ch\/icmbeyond22\/\">https:\/\/www.digitallernen.ch\/icmbeyond22\/<\/a><\/p>\n\n\n\n<p><\/p>\n<\/div>\n<\/div>\n\n\n\n<h6 class=\"wp-block-heading\"><\/h6>\n\n\n\n<p><\/p>\n\n\n\n<div class=\"wp-block-columns is-layout-flex wp-container-core-columns-is-layout-9d6595d7 wp-block-columns-is-layout-flex\">\n<div class=\"wp-block-column is-layout-flow wp-block-column-is-layout-flow\" style=\"flex-basis:33.33%\">\n<div class=\"wp-block-buttons alignwide is-horizontal is-content-justification-center is-layout-flex wp-container-core-buttons-is-layout-499968f5 wp-block-buttons-is-layout-flex\">\n<div class=\"wp-block-button\"><a class=\"wp-block-button__link\" href=\"https:\/\/www.icmbeyond.net\/wp-content\/uploads\/2022\/02\/Wall-of-Themes.pdf\">Wall of Themes<\/a><\/div>\n<\/div>\n<\/div>\n\n\n\n<div class=\"wp-block-column is-layout-flow wp-block-column-is-layout-flow\" style=\"flex-basis:66.66%\">\n<p>Ausrufe, Zitate, Themen, Assoziationen und alles weitere der Tagung finden Sie auf der Wall of Themes. Genutzt hatten wir dazu ein <a href=\"https:\/\/app.mural.co\/t\/kunstdidaktikupb6972\/m\/kunstdidaktikupb6972\/1644582034067\/63d773a5515a90b89502e5d5440cb4e62408b015?wid=0-1644582680251&amp;sender=91b624ad-367e-4c8f-aeca-8c7e0e3aadd2\">kollaboratives Board<\/a><\/p>\n\n\n\n<p><\/p>\n<\/div>\n<\/div>\n\n\n\n<div class=\"wp-block-columns is-layout-flex wp-container-core-columns-is-layout-9d6595d7 wp-block-columns-is-layout-flex\">\n<div class=\"wp-block-column is-layout-flow wp-block-column-is-layout-flow\" style=\"flex-basis:33.33%\">\n<div class=\"wp-block-buttons alignfull is-horizontal is-content-justification-center is-layout-flex wp-container-core-buttons-is-layout-499968f5 wp-block-buttons-is-layout-flex\">\n<div class=\"wp-block-button\"><a class=\"wp-block-button__link\" href=\"https:\/\/icmbeyondmeetstdl.notion.site\/icmbeyondmeetstdl\/ICMbeyond-meets-Tag-der-Lehre-2022-27b367673ae9427aaabf67f3ba1b3af5\">Tagungsboard<\/a><\/div>\n<\/div>\n<\/div>\n\n\n\n<div class=\"wp-block-column is-layout-flow wp-block-column-is-layout-flow\" style=\"flex-basis:66.66%\">\n<p>Herzlich Willkommen zur Tagung <em>\u201cICMbeyond\u201d meets Tag der Lehre 2022<\/em>!<\/p>\n<p>Auf dieser Seite finden Sie alle Informationen zu dem Tagungsablauf und zu den einzelnen Veranstaltungen<\/p>\n<\/div>\n<\/div>\n","protected":false},"excerpt":{"rendered":"<p>&#8222;Inverted Classroom and beyond&#8220; meets Tag der Lehre der Universit\u00e4t Paderborn Student Engagement &#8211; aktive Teilhabe von Lernenden in Studium und Schule f\u00f6rdern 22. &amp; 23. Februar 2022, Universit\u00e4t Paderborn &#8230;<\/p>\n","protected":false},"author":12,"featured_media":0,"parent":0,"menu_order":0,"comment_status":"closed","ping_status":"closed","template":"","meta":{"footnotes":""},"class_list":["post-2070","page","type-page","status-publish","hentry"],"_links":{"self":[{"href":"https:\/\/www.icmbeyond.net\/index.php?rest_route=\/wp\/v2\/pages\/2070","targetHints":{"allow":["GET"]}}],"collection":[{"href":"https:\/\/www.icmbeyond.net\/index.php?rest_route=\/wp\/v2\/pages"}],"about":[{"href":"https:\/\/www.icmbeyond.net\/index.php?rest_route=\/wp\/v2\/types\/page"}],"author":[{"embeddable":true,"href":"https:\/\/www.icmbeyond.net\/index.php?rest_route=\/wp\/v2\/users\/12"}],"replies":[{"embeddable":true,"href":"https:\/\/www.icmbeyond.net\/index.php?rest_route=%2Fwp%2Fv2%2Fcomments&post=2070"}],"version-history":[{"count":11,"href":"https:\/\/www.icmbeyond.net\/index.php?rest_route=\/wp\/v2\/pages\/2070\/revisions"}],"predecessor-version":[{"id":2282,"href":"https:\/\/www.icmbeyond.net\/index.php?rest_route=\/wp\/v2\/pages\/2070\/revisions\/2282"}],"wp:attachment":[{"href":"https:\/\/www.icmbeyond.net\/index.php?rest_route=%2Fwp%2Fv2%2Fmedia&parent=2070"}],"curies":[{"name":"wp","href":"https:\/\/api.w.org\/{rel}","templated":true}]}}