{"id":1861,"date":"2021-12-15T11:25:51","date_gmt":"2021-12-15T10:25:51","guid":{"rendered":"https:\/\/www.icmbeyond.net\/?page_id=1861"},"modified":"2022-04-26T14:01:59","modified_gmt":"2022-04-26T12:01:59","slug":"programm-2","status":"publish","type":"page","link":"https:\/\/www.icmbeyond.net\/?page_id=1861","title":{"rendered":"Programm"},"content":{"rendered":"\n<p class=\"has-medium-font-size\"><strong>Dienstag, 22. Februar 2022<\/strong><\/p>\n\n\n\n<div style=\"height:50px\" aria-hidden=\"true\" class=\"wp-block-spacer\"><\/div>\n\n\n\n<figure class=\"wp-block-table is-style-regular-borderless\"><table><tbody><tr><td class=\"has-text-align-center\" data-align=\"center\">ab 11:15<\/td><td><strong>OFFENES ANKOMMEN<\/strong><\/td><\/tr><tr><td class=\"has-text-align-center\" data-align=\"center\">12:00<\/td><td><strong>BEGR\u00dcSSUNG UND TAGUNGSER\u00d6FFNUNG<\/strong> (<a href=\"https:\/\/videos.uni-paderborn.de\/video\/ICMbeyond-meets-Tag-der-Lehre-2022-Begruessung-und-Eroeffnung-Universitaet-Paderborn\/10668ea0556c1afed3add13195126200\">zum Video<\/a>)<\/td><\/tr><tr><td class=\"has-text-align-center\" data-align=\"center\"><\/td><td>Begr\u00fc\u00dfung durch Prof. Dr.-Ing. Volker Sch\u00f6ppner (Vizepr\u00e4sident f\u00fcr Lehre, Studium und Qualit\u00e4tsmanagement, Universit\u00e4t Paderborn)<br>Tagungser\u00f6ffnung durch Prof. Dr. Rebekka Schmidt und Dr. Nerea V\u00f6ing (Vorstellung der Tagungsformate und -organisation)<\/td><\/tr><tr><td class=\"has-text-align-center\" data-align=\"center\">12:30<\/td><td><strong>KEYNOTE<\/strong><\/td><\/tr><tr><td class=\"has-text-align-center\" data-align=\"center\"><\/td><td><strong><a href=\"https:\/\/www.icmbeyond.net\/wp-content\/uploads\/2021\/12\/Keynote_Bond.pdf\">\u201eStudent Engagement und digitale Medien: Wohin jetzt?\u201c<\/a><\/strong> (<a href=\"https:\/\/videos.uni-paderborn.de\/video\/ICMbeyond-meets-Tag-der-Lehre-2022-Keynote-Student-Engagement-und-digitale-Medien-Wohin-jetzt-Universitaet-Paderborn\/fc24ca23e77b1c78b5c6dd5a7ab8655a\">zum Video<\/a>)<br>Dr. Melissa Bond (<em>University\u00a0of\u00a0South Australia<\/em>)<\/td><\/tr><tr><td class=\"has-text-align-center\" data-align=\"center\">13:45<\/td><td><strong>PODIUMSDISKUSSION<\/strong> (<a href=\"https:\/\/videos.uni-paderborn.de\/video\/ICMbeyond-meets-Tag-der-Lehre-2022-Podiumsdiskussion-Universitaet-Paderborn\/f3bf36fb159750316388ef8775666555\">zum Video<\/a>)<\/td><\/tr><tr><td class=\"has-text-align-center\" data-align=\"center\"><\/td><td>Teilnehmende: Tim A\u00dfbrock (AStA), Dr. Melissa Bond (University of South Australia), Nele Hirsch (eBildungslabor), Prof. Dr. Rebekka Schmidt (Universit\u00e4t Paderborn) Moderation durch Prof. Dr.-Ing. Volker Sch\u00f6ppner (Vizepr\u00e4sident f\u00fcr Lehre, Studium und Qualit\u00e4tsmanagement, Universit\u00e4t Paderborn)<\/td><\/tr><tr><td class=\"has-text-align-center\" data-align=\"center\">14:30<\/td><td><strong>PAUSE<\/strong><\/td><\/tr><tr><td class=\"has-text-align-center\" data-align=\"center\">15:00<\/td><td><strong>PARALLELE VERANSTALTUNGEN I<\/strong><\/td><\/tr><tr><td class=\"has-text-align-center\" data-align=\"center\"><strong>.<br>.<br>.<br>.<br>.<br>.<br>.<br>.<br>.<br>.<br>.<br>.<br>.<br>.<br>.<\/strong><br>.<br>.<\/td><td>ROUND TABLES<br>RT A: <strong><a href=\"https:\/\/www.icmbeyond.net\/wp-content\/uploads\/2021\/12\/RT_A_Erkenntnisse-Forschung.pdf\">Erkenntnisse aus Forschung rund um ICM<\/a><\/strong> (Raum: Dom)<br>RT B: <strong><a href=\"https:\/\/www.icmbeyond.net\/wp-content\/uploads\/2021\/12\/RT_B_tet.folio-im-Fach-Physik.pdf\">tet.folio im Fach Physik<\/a><\/strong> (Raum: Marktplatz)<br>RT C: <strong><a href=\"https:\/\/www.icmbeyond.net\/wp-content\/uploads\/2022\/02\/RT_C_ICM-unter-aktuellen-Herausforderungen-des-Emergency-Remote-Teaching-1.pdf\">ICM unter aktuellen Herausforderungen des Emergency Remote Teaching<\/a><\/strong> (Raum: Kaiserpfalz)<br>RT D: <strong><a href=\"https:\/\/www.icmbeyond.net\/wp-content\/uploads\/2021\/12\/RT_E_Praxisimpulse-aus-der-Hochschullehre-I_ICM-1.pdf\">Praxisimpulse aus der Hochschullehre I<\/a><\/strong> (Raum: Rathaus)<br><br>WORKSHOP 1: &nbsp;<strong><a href=\"https:\/\/www.icmbeyond.net\/wp-content\/uploads\/2021\/12\/WS_1_Sind-meine-Studierende-engaged.pdf\">Sind meine Studierenden \u2018engaged\u2019 bzw. wie lassen sich meine Studierenden zu mehr Student Engagement anregen?<\/a><\/strong> &#8211; K. Wengler, J. H\u00fcther, A. Kidritsch, G. Koppitsch, C. F. Freisleben-Teutscher, J. Riedel, D. Ratz (Raum: Neuer Platz)<br><br>WORKSHOP 2: &nbsp;<strong><a href=\"https:\/\/www.icmbeyond.net\/wp-content\/uploads\/2021\/12\/WS_2_Videoerstellung-mit-Camtasia-Einsteiger.pdf\">Videoerstellung mit Camtasia f\u00fcr Einsteiger<\/a><\/strong> &#8211; A. Bollen (Raum: Abdinghof)<br><br>WORKSHOP 3: &nbsp;<strong><a href=\"https:\/\/www.icmbeyond.net\/wp-content\/uploads\/2022\/02\/WS_3_Schule-in-ihrer-Komplexitaet-wahrnehmen-1.pdf\">Schule in ihrer Komplexit\u00e4t wahrnehmen, analysieren, reflektieren &#8211; ein hochschuldidaktisches Konzept zur Arbeit mit 360\u00b0 Videos<\/a><\/strong><a href=\"https:\/\/www.icmbeyond.net\/wp-content\/uploads\/2022\/02\/WS_3_Schule-in-ihrer-Komplexitaet-wahrnehmen.pdf\"> <\/a>&#8211; J. Herding, K. Glawe, P. B\u00fcker (Raum: Schloss Neuhaus)<br><br>WORKSHOP 4: &nbsp;<strong><a href=\"https:\/\/www.icmbeyond.net\/wp-content\/uploads\/2021\/12\/WS_4_Methoden-und-Tools-zur-Kollaboration.pdf\">Methoden und Tools zur Kollaboration<\/a><\/strong> &#8211; N. Hirsch (Raum: Padersee)<br><span class=\"has-inline-color has-luminous-vivid-orange-color\"><strong>Verschoben auf Mittwoch 11:00 Uhr<\/strong><\/span><\/td><\/tr><tr><td class=\"has-text-align-center\" data-align=\"center\">16:30<\/td><td><strong>PAUSE<\/strong><\/td><\/tr><tr><td class=\"has-text-align-center\" data-align=\"center\">16:45<\/td><td><strong>PARALLELE VERANSTALTUNGEN II<\/strong><\/td><\/tr><tr><td class=\"has-text-align-center\" data-align=\"center\"><strong>.<br>.<br>.<br>.<br>.<br>.<br>.<br>.<br>.<br>.<br>.<br>.<\/strong><br>.<br>.<br>.<br>.<\/td><td>ROUND TABLES<br>RT E: <a href=\"https:\/\/www.icmbeyond.net\/wp-content\/uploads\/2022\/02\/RT_F_ICM-in-Lehr-Lernangeboten-ausserhalb-der-Hochschullehre.pdf\"><strong>ICM in Lehr-Lernangeboten au\u00dferhalb der Hochschullehre<\/strong> <\/a>(Raum: Dom)<br>RT F: <strong><a href=\"https:\/\/www.icmbeyond.net\/wp-content\/uploads\/2021\/12\/RT_G_ICM-in-MINT-Faechern-I_Beitraege_ICM.pdf\">ICM in MINT-F\u00e4chern I<\/a><\/strong> (Raum: Marktplatz)<br>RT G: <strong><a href=\"https:\/\/www.icmbeyond.net\/wp-content\/uploads\/2022\/01\/RT_H_Didaktische-Gestaltung-von-ICM_Beitraege_ICM.pdf\">Didaktische Gestaltung von ICM<\/a><\/strong> (Raum: Kaiserpfalz)<br><br>WORKSHOP 5:&nbsp; <strong><a href=\"https:\/\/www.icmbeyond.net\/wp-content\/uploads\/2021\/12\/WS_5_Videomontage-im-Bildungsbereich.pdf\">Videomontage im Bildungsbereich (mit Davinci Resolve und Wevideo)<\/a><\/strong> &#8211; C. Kogler (Raum: Rathaus)<br><br>WORKSHOP 6:&nbsp; <a href=\"https:\/\/www.icmbeyond.net\/wp-content\/uploads\/2022\/02\/WS_6_Copy-Paste-Filter-und-KI.pdf\"><strong>Copy &amp; Paste, Filter und KI \u2013 Erleben von Kompetenz im Kunstunterricht der digital gepr\u00e4gten Welt<\/strong> <\/a>&#8211; R. Schmidt, A. Waffner-Labonde, J. Welzel (Raum: Neuer Platz)<br><br>WORKSHOP 7: &nbsp;<strong><a href=\"https:\/\/www.icmbeyond.net\/wp-content\/uploads\/2021\/12\/WS_7_Die-Kraft-der-Improvisation.pdf\">Die Kraft der Improvisation: Student Engagement mit vielf\u00e4ltigen Methoden f\u00f6rdern<\/a><\/strong> &#8211; C. Freisleben-Teutscher (Raum: Abdinghof)<br><br>DisQspace: <strong><a href=\"https:\/\/www.icmbeyond.net\/wp-content\/uploads\/2021\/12\/DisQSpace_Beitraege_ICM.pdf\">Studierendenorientierter und innovativ Lehren und Lernen<\/a><\/strong> (Raum: Schloss Neuhaus)<br><br>POSTERSESSION (Raum: Padersee)<\/td><\/tr><tr><td class=\"has-text-align-center\" data-align=\"center\">18:00<\/td><td><strong>PAUSE<\/strong><\/td><\/tr><tr><td class=\"has-text-align-center\" data-align=\"center\">18:15<\/td><td><strong>ROUND UP UND ZERTIFIKATSVERLEIHUNG<\/strong> <\/td><\/tr><tr><td class=\"has-text-align-center\" data-align=\"center\"><\/td><td><strong>Berichte<\/strong> aus den parallelen Formaten<br><strong>Verleihung<\/strong> der hochschuldidaktischen Zertifikate und des E-Learning-Labels<\/td><\/tr><tr><td class=\"has-text-align-center\" data-align=\"center\"><\/td><td>Im Anschluss:  <strong>PAUSE<\/strong> <\/td><\/tr><tr><td class=\"has-text-align-center\" data-align=\"center\">ab 20:00<\/td><td>Kaminzimmer zum Austausch<\/td><\/tr><\/tbody><\/table><\/figure>\n\n\n\n<p class=\"has-medium-font-size\"><strong>Mittwoch, 23. Februar 2022<\/strong><\/p>\n\n\n\n<figure class=\"wp-block-table is-style-regular\"><table><tbody><tr><td class=\"has-text-align-center\" data-align=\"center\">09:00<\/td><td><strong>GEMEINSAMES ANKOMMEN UND AUSTAUSCH<\/strong><\/td><\/tr><tr><td class=\"has-text-align-center\" data-align=\"center\">09:30<\/td><td><strong>KEYNOTE<\/strong><\/td><\/tr><tr><td class=\"has-text-align-center\" data-align=\"center\"><\/td><td><strong><a href=\"https:\/\/www.icmbeyond.net\/wp-content\/uploads\/2021\/12\/Keynote_2_Disruptive-Bildung.pdf\">\u201eDisruptive Bildung\u201c<\/a><\/strong> (<a href=\"https:\/\/videos.uni-paderborn.de\/video\/ICMbeyond-meets-Tag-der-Lehre-2022-Keynote-Disruptive-Bildung-Universitaet-Paderborn\/64f97f6882693ba2105c9cf8b6274e5c\">zum Video<\/a>)<br>FH-Prof. Anita Kidritsch &amp; Dr. Christian Freisleben-Teutscher (<em>FH St. P\u00f6lten<\/em>)<\/td><\/tr><tr><td class=\"has-text-align-center\" data-align=\"center\">10:30<\/td><td><strong>PAUSE<\/strong><\/td><\/tr><tr><td class=\"has-text-align-center\" data-align=\"center\">11:00<\/td><td><strong>PARALLELE VERANSTALTUNGEN III<\/strong><\/td><\/tr><tr><td class=\"has-text-align-center\" data-align=\"center\"><strong>.<br>.<br>.<br>.<br>.<br>.<br>.<br>.<br>.<br>.<br>.<br>.<br>.<br>.<\/strong><\/td><td>ROUND TABLES <br>RT H: <strong><a href=\"https:\/\/www.icmbeyond.net\/wp-content\/uploads\/2021\/12\/RT_I_Scrum-4-Students_Beitraege_ICM.pdf\">Scrum-4-Students<\/a><\/strong> (Raum: Dom)<br>RT I: <a href=\"https:\/\/www.icmbeyond.net\/wp-content\/uploads\/2021\/12\/RT_J_ICM-in-MINT-Faechern-II.pdf\"><strong>ICM in MINT-F\u00e4chern II<\/strong><\/a> (Raum: Marktplatz)<br>RT J: <a href=\"https:\/\/www.icmbeyond.net\/wp-content\/uploads\/2022\/01\/RT_K_Praxisimpulse-aus-der-Hochschullehre-II_Beitraege_ICM.pdf\"><strong>Praxisimpulse aus der Hochschullehre II<\/strong><\/a> (Raum: Kaiserpfalz)<br>RT K: <a href=\"https:\/\/www.icmbeyond.net\/wp-content\/uploads\/2022\/02\/RT_L_ICM-und-OER.pdf\"><strong>ICM und OER<\/strong> <\/a>(Raum: Rathaus)<strong><br><\/strong>RT L:<strong> <a href=\"https:\/\/www.icmbeyond.net\/wp-content\/uploads\/2022\/02\/RT_L_Sprachen.pdf\">Inverted, Invers\u00e9 oder Inverso? ICM und Sprachen<\/a><\/strong> (Raum: Neuer Platz)<br><br><br>WORKSHOP 4: &nbsp;<strong><a href=\"https:\/\/www.icmbeyond.net\/wp-content\/uploads\/2021\/12\/WS_4_Methoden-und-Tools-zur-Kollaboration.pdf\">Methoden und Tools zur Kollaboration<\/a><\/strong> &#8211; N. Hirsch (Raum: Padersee)<br><span class=\"has-inline-color has-luminous-vivid-orange-color\"><strong>Urspr\u00fcnglich am Dienstag geplant<\/strong><\/span> <br><br>WORKSHOP 8:&nbsp; <strong><a href=\"https:\/\/www.icmbeyond.net\/wp-content\/uploads\/2021\/12\/WS_8_tet.folio-als-interaktive-Lehr-Lernplattform.pdf\">tet.folio als interaktive Lehr-\/Lernplattform zur Implementierung eines Flipped-Classrooms<\/a><\/strong> &#8211; W. Lutz, M. Elsholz, S. Haase (Raum: Abdinghof)<br><br>WORKSHOP 9:&nbsp; <strong><a href=\"https:\/\/www.icmbeyond.net\/wp-content\/uploads\/2021\/12\/WS_9_Videoerstellung-mit-Camtasia-Fortgeschrittene.pdf\">&#8222;Bessere Videos in k\u00fcrzerer Zeit &#8211; Camtasia f\u00fcr Fortgeschrittene&#8220;<\/a><\/strong> &#8211; A. Bollen<br>(Raum: Schloss Neuhaus)<br><br>WORKSHOP 10: <strong><a href=\"https:\/\/www.icmbeyond.net\/wp-content\/uploads\/2021\/12\/WS_10_Studierende-mit-Planspielen-in-Aktion-bringen.pdf\">Studierende mit Planspielen in Aktion bringen \u2013 &#8222;The Fishing Game&#8220;<\/a><\/strong> &#8211; B. Zuern, T. Alf (Raum: Padersee)<\/td><\/tr><tr><td class=\"has-text-align-center\" data-align=\"center\">12:30<\/td><td><strong>ROUND UP<\/strong><\/td><\/tr><tr><td class=\"has-text-align-center\" data-align=\"center\">13:00<\/td><td><strong>PAUSE<\/strong><\/td><\/tr><tr><td class=\"has-text-align-center\" data-align=\"center\">13:45<\/td><td><strong>FORSCHUNGS- UND SCHREIBWERKSTATT<\/strong><\/td><\/tr><tr><td class=\"has-text-align-center\" data-align=\"center\"><\/td><td>Moderation: Josef Buchner &amp; Dr. Christian Freisleben-Teutscher (ICM-Board)<\/td><\/tr><tr><td class=\"has-text-align-center\" data-align=\"center\">.<br>.<br>.<br>.<br>.<br>.<br>.<\/td><td><a href=\"https:\/\/www.icmbeyond.net\/wp-content\/uploads\/2022\/02\/Impulsvortrag-Jenert.pdf\"><strong>Impuls zu Design Based Research <\/strong><\/a><br>Prof. Dr. Tobias Jenert (<em>Universit\u00e4t Paderborn<\/em>)<br><br>Bericht von bisherigen Forschungsaktivit\u00e4ten &nbsp; <br><br>Verschiedene Schreibwerkst\u00e4tten <br>Hinweis: Es k\u00f6nnen nach Absprache und Interesse weitere Themen angeboten werden. &nbsp;<\/td><\/tr><tr><td class=\"has-text-align-center\" data-align=\"center\">ab 17:00<\/td><td>GEMEINSAMES AUSKLINGEN &nbsp;<\/td><\/tr><\/tbody><\/table><\/figure>\n","protected":false},"excerpt":{"rendered":"<p>Dienstag, 22. Februar 2022 ab 11:15 OFFENES ANKOMMEN 12:00 BEGR\u00dcSSUNG UND TAGUNGSER\u00d6FFNUNG (zum Video) Begr\u00fc\u00dfung durch Prof. Dr.-Ing. Volker Sch\u00f6ppner (Vizepr\u00e4sident f\u00fcr Lehre, Studium und Qualit\u00e4tsmanagement, Universit\u00e4t Paderborn)Tagungser\u00f6ffnung durch Prof. &#8230;<\/p>\n","protected":false},"author":11,"featured_media":0,"parent":0,"menu_order":0,"comment_status":"closed","ping_status":"closed","template":"","meta":{"footnotes":""},"class_list":["post-1861","page","type-page","status-publish","hentry"],"_links":{"self":[{"href":"https:\/\/www.icmbeyond.net\/index.php?rest_route=\/wp\/v2\/pages\/1861","targetHints":{"allow":["GET"]}}],"collection":[{"href":"https:\/\/www.icmbeyond.net\/index.php?rest_route=\/wp\/v2\/pages"}],"about":[{"href":"https:\/\/www.icmbeyond.net\/index.php?rest_route=\/wp\/v2\/types\/page"}],"author":[{"embeddable":true,"href":"https:\/\/www.icmbeyond.net\/index.php?rest_route=\/wp\/v2\/users\/11"}],"replies":[{"embeddable":true,"href":"https:\/\/www.icmbeyond.net\/index.php?rest_route=%2Fwp%2Fv2%2Fcomments&post=1861"}],"version-history":[{"count":52,"href":"https:\/\/www.icmbeyond.net\/index.php?rest_route=\/wp\/v2\/pages\/1861\/revisions"}],"predecessor-version":[{"id":2192,"href":"https:\/\/www.icmbeyond.net\/index.php?rest_route=\/wp\/v2\/pages\/1861\/revisions\/2192"}],"wp:attachment":[{"href":"https:\/\/www.icmbeyond.net\/index.php?rest_route=%2Fwp%2Fv2%2Fmedia&parent=1861"}],"curies":[{"name":"wp","href":"https:\/\/api.w.org\/{rel}","templated":true}]}}