{"id":1303,"date":"2021-07-15T14:38:04","date_gmt":"2021-07-15T12:38:04","guid":{"rendered":"https:\/\/www.icmbeyond.net\/?page_id=1303"},"modified":"2022-11-16T16:43:04","modified_gmt":"2022-11-16T15:43:04","slug":"beitragsformate","status":"publish","type":"page","link":"https:\/\/www.icmbeyond.net\/?page_id=1303","title":{"rendered":"Beitragsformate"},"content":{"rendered":"\n<figure class=\"wp-block-image size-large\"><img loading=\"lazy\" decoding=\"async\" width=\"1024\" height=\"276\" src=\"https:\/\/www.icmbeyond.net\/wp-content\/uploads\/2021\/08\/Header_CfP-1024x276.png\" alt=\"\" class=\"wp-image-1603\" srcset=\"https:\/\/www.icmbeyond.net\/wp-content\/uploads\/2021\/08\/Header_CfP-1024x276.png 1024w, https:\/\/www.icmbeyond.net\/wp-content\/uploads\/2021\/08\/Header_CfP-300x81.png 300w, https:\/\/www.icmbeyond.net\/wp-content\/uploads\/2021\/08\/Header_CfP-768x207.png 768w, https:\/\/www.icmbeyond.net\/wp-content\/uploads\/2021\/08\/Header_CfP-1536x414.png 1536w, https:\/\/www.icmbeyond.net\/wp-content\/uploads\/2021\/08\/Header_CfP-2048x551.png 2048w\" sizes=\"auto, (max-width: 1024px) 100vw, 1024px\" \/><\/figure>\n\n\n\n<div style=\"height:15px\" aria-hidden=\"true\" class=\"wp-block-spacer\"><\/div>\n\n\n\n<h4 class=\"su-spoiler-title{font-size=150px} wp-block-heading\">Eine intensive Auseinandersetzung mit den Inhalten der Konferenz wird durch verschiedene Formate initiiert und begleitet. Durch die M\u00f6glichkeit, andere Pr\u00e4sentationsformate selbst zu erleben und mitzugestalten, k\u00f6nnen gleichzeitig Impulse zur Weiterentwicklung innovativer Hochschuldidaktik entstehen.<\/h4>\n\n\n\n<hr class=\"wp-block-separator has-css-opacity is-style-wide\"\/>\n\n\n\n<h4 class=\"wp-block-heading\">Im Folgenden finden Sie ein \u00dcbersicht der m\u00f6glichen Beitragsformate:<\/h4>\n\n\n<style>.kt-accordion-id_42493e-6d .kt-accordion-inner-wrap{column-gap:var(--global-kb-gap-md, 2rem);row-gap:0px;}.kt-accordion-id_42493e-6d .kt-accordion-panel-inner{border-top-width:0px;border-right-width:0px;border-bottom-width:0px;border-left-width:0px;padding-top:var(--global-kb-spacing-sm, 1.5rem);padding-right:var(--global-kb-spacing-sm, 1.5rem);padding-bottom:var(--global-kb-spacing-sm, 1.5rem);padding-left:var(--global-kb-spacing-sm, 1.5rem);}.kt-accordion-id_42493e-6d > .kt-accordion-inner-wrap > .wp-block-kadence-pane > .kt-accordion-header-wrap > .kt-blocks-accordion-header{border-top-color:#555555;border-right-color:#555555;border-bottom-color:#555555;border-left-color:#555555;border-top-width:0px;border-right-width:0px;border-bottom-width:0px;border-left-width:0px;border-top-left-radius:0px;border-top-right-radius:0px;border-bottom-right-radius:0px;border-bottom-left-radius:0px;background:#f2f2f2;font-size:16px;line-height:24px;color:#555555;padding-top:10px;padding-right:14px;padding-bottom:10px;padding-left:14px;}.kt-accordion-id_42493e-6d:not( .kt-accodion-icon-style-basiccircle ):not( .kt-accodion-icon-style-xclosecircle ):not( .kt-accodion-icon-style-arrowcircle )  > .kt-accordion-inner-wrap > .wp-block-kadence-pane > .kt-accordion-header-wrap .kt-blocks-accordion-icon-trigger:after, .kt-accordion-id_42493e-6d:not( .kt-accodion-icon-style-basiccircle ):not( .kt-accodion-icon-style-xclosecircle ):not( .kt-accodion-icon-style-arrowcircle )  > .kt-accordion-inner-wrap > .wp-block-kadence-pane > .kt-accordion-header-wrap .kt-blocks-accordion-icon-trigger:before{background:#555555;}.kt-accordion-id_42493e-6d:not( .kt-accodion-icon-style-basic ):not( .kt-accodion-icon-style-xclose ):not( .kt-accodion-icon-style-arrow ) .kt-blocks-accordion-icon-trigger{background:#555555;}.kt-accordion-id_42493e-6d:not( .kt-accodion-icon-style-basic ):not( .kt-accodion-icon-style-xclose ):not( .kt-accodion-icon-style-arrow ) .kt-blocks-accordion-icon-trigger:after, .kt-accordion-id_42493e-6d:not( .kt-accodion-icon-style-basic ):not( .kt-accodion-icon-style-xclose ):not( .kt-accodion-icon-style-arrow ) .kt-blocks-accordion-icon-trigger:before{background:#f2f2f2;}.kt-accordion-id_42493e-6d > .kt-accordion-inner-wrap > .wp-block-kadence-pane > .kt-accordion-header-wrap > .kt-blocks-accordion-header:hover, \n\t\t\t\tbody:not(.hide-focus-outline) .kt-accordion-id_42493e-6d .kt-blocks-accordion-header:focus-visible{color:#444444;background:#eeeeee;border-top-color:#eeeeee;border-right-color:#eeeeee;border-bottom-color:#eeeeee;border-left-color:#eeeeee;}.kt-accordion-id_42493e-6d:not( .kt-accodion-icon-style-basiccircle ):not( .kt-accodion-icon-style-xclosecircle ):not( .kt-accodion-icon-style-arrowcircle ) .kt-accordion-header-wrap .kt-blocks-accordion-header:hover .kt-blocks-accordion-icon-trigger:after, .kt-accordion-id_42493e-6d:not( .kt-accodion-icon-style-basiccircle ):not( .kt-accodion-icon-style-xclosecircle ):not( .kt-accodion-icon-style-arrowcircle ) .kt-accordion-header-wrap .kt-blocks-accordion-header:hover .kt-blocks-accordion-icon-trigger:before, body:not(.hide-focus-outline) .kt-accordion-id_42493e-6d:not( .kt-accodion-icon-style-basiccircle ):not( .kt-accodion-icon-style-xclosecircle ):not( .kt-accodion-icon-style-arrowcircle ) .kt-blocks-accordion--visible .kt-blocks-accordion-icon-trigger:after, body:not(.hide-focus-outline) .kt-accordion-id_42493e-6d:not( .kt-accodion-icon-style-basiccircle ):not( .kt-accodion-icon-style-xclosecircle ):not( .kt-accodion-icon-style-arrowcircle ) .kt-blocks-accordion-header:focus-visible .kt-blocks-accordion-icon-trigger:before{background:#444444;}.kt-accordion-id_42493e-6d:not( .kt-accodion-icon-style-basic ):not( .kt-accodion-icon-style-xclose ):not( .kt-accodion-icon-style-arrow ) .kt-accordion-header-wrap .kt-blocks-accordion-header:hover .kt-blocks-accordion-icon-trigger, body:not(.hide-focus-outline) .kt-accordion-id_42493e-6d:not( .kt-accodion-icon-style-basic ):not( .kt-accodion-icon-style-xclose ):not( .kt-accodion-icon-style-arrow ) .kt-accordion-header-wrap .kt-blocks-accordion-header:focus-visible .kt-blocks-accordion-icon-trigger{background:#444444;}.kt-accordion-id_42493e-6d:not( .kt-accodion-icon-style-basic ):not( .kt-accodion-icon-style-xclose ):not( .kt-accodion-icon-style-arrow ) .kt-accordion-header-wrap .kt-blocks-accordion-header:hover .kt-blocks-accordion-icon-trigger:after, .kt-accordion-id_42493e-6d:not( .kt-accodion-icon-style-basic ):not( .kt-accodion-icon-style-xclose ):not( .kt-accodion-icon-style-arrow ) .kt-accordion-header-wrap .kt-blocks-accordion-header:hover .kt-blocks-accordion-icon-trigger:before, body:not(.hide-focus-outline) .kt-accordion-id_42493e-6d:not( .kt-accodion-icon-style-basic ):not( .kt-accodion-icon-style-xclose ):not( .kt-accodion-icon-style-arrow ) .kt-accordion-header-wrap .kt-blocks-accordion-header:focus-visible .kt-blocks-accordion-icon-trigger:after, body:not(.hide-focus-outline) .kt-accordion-id_42493e-6d:not( .kt-accodion-icon-style-basic ):not( .kt-accodion-icon-style-xclose ):not( .kt-accodion-icon-style-arrow ) .kt-accordion-header-wrap .kt-blocks-accordion-header:focus-visible .kt-blocks-accordion-icon-trigger:before{background:#eeeeee;}.kt-accordion-id_42493e-6d .kt-accordion-header-wrap .kt-blocks-accordion-header:focus-visible,\n\t\t\t\t.kt-accordion-id_42493e-6d > .kt-accordion-inner-wrap > .wp-block-kadence-pane > .kt-accordion-header-wrap > .kt-blocks-accordion-header.kt-accordion-panel-active{color:#ffffff;background:#444444;border-top-color:#444444;border-right-color:#444444;border-bottom-color:#444444;border-left-color:#444444;}.kt-accordion-id_42493e-6d:not( .kt-accodion-icon-style-basiccircle ):not( .kt-accodion-icon-style-xclosecircle ):not( .kt-accodion-icon-style-arrowcircle )  > .kt-accordion-inner-wrap > .wp-block-kadence-pane > .kt-accordion-header-wrap > .kt-blocks-accordion-header.kt-accordion-panel-active .kt-blocks-accordion-icon-trigger:after, .kt-accordion-id_42493e-6d:not( .kt-accodion-icon-style-basiccircle ):not( .kt-accodion-icon-style-xclosecircle ):not( .kt-accodion-icon-style-arrowcircle )  > .kt-accordion-inner-wrap > .wp-block-kadence-pane > .kt-accordion-header-wrap > .kt-blocks-accordion-header.kt-accordion-panel-active .kt-blocks-accordion-icon-trigger:before{background:#ffffff;}.kt-accordion-id_42493e-6d:not( .kt-accodion-icon-style-basic ):not( .kt-accodion-icon-style-xclose ):not( .kt-accodion-icon-style-arrow ) .kt-blocks-accordion-header.kt-accordion-panel-active .kt-blocks-accordion-icon-trigger{background:#ffffff;}.kt-accordion-id_42493e-6d:not( .kt-accodion-icon-style-basic ):not( .kt-accodion-icon-style-xclose ):not( .kt-accodion-icon-style-arrow ) .kt-blocks-accordion-header.kt-accordion-panel-active .kt-blocks-accordion-icon-trigger:after, .kt-accordion-id_42493e-6d:not( .kt-accodion-icon-style-basic ):not( .kt-accodion-icon-style-xclose ):not( .kt-accodion-icon-style-arrow ) .kt-blocks-accordion-header.kt-accordion-panel-active .kt-blocks-accordion-icon-trigger:before{background:#444444;}@media all and (max-width: 767px){.kt-accordion-id_42493e-6d .kt-accordion-inner-wrap{display:block;}.kt-accordion-id_42493e-6d .kt-accordion-inner-wrap .kt-accordion-pane:not(:first-child){margin-top:0px;}}<\/style>\n<div class=\"wp-block-kadence-accordion alignnone\"><div class=\"kt-accordion-wrap kt-accordion-wrap kt-accordion-id_42493e-6d kt-accordion-has-5-panes kt-active-pane-0 kt-accordion-block kt-pane-header-alignment-left kt-accodion-icon-style-basic kt-accodion-icon-side-right\" style=\"max-width:none\"><div class=\"kt-accordion-inner-wrap\" data-allow-multiple-open=\"true\" data-start-open=\"none\">\n<div class=\"wp-block-kadence-pane kt-accordion-pane kt-accordion-pane-1 kt-pane_1668bf-e7\"><div class=\"kt-accordion-header-wrap\"><button class=\"kt-blocks-accordion-header kt-acccordion-button-label-show\"><span class=\"kt-blocks-accordion-title-wrap\"><span class=\"kt-blocks-accordion-title\"><strong>Round Tables<\/strong><\/span><\/span><span class=\"kt-blocks-accordion-icon-trigger\"><\/span><\/button><\/div><div class=\"kt-accordion-panel kt-accordion-panel-hidden\"><div class=\"kt-accordion-panel-inner\">\n<p>F\u00fcr die Round Tables werden verschiedene thematisch passende Beitr\u00e4ge unter einem Oberthema zusammengefasst. Im Anschluss an die einzelnen Inputs oder Impulse ist jeweils eine kurze Fragerunde m\u00f6glich, das Herzst\u00fcck bildet dann jedoch die moderierte Diskussion aller Beitr\u00e4ge gemeinsam mit allen Vortragenden und dem Publikum.<\/p>\n\n\n\n<p>M\u00f6gliche Gruppierungen und Oberthemen werden aus den Abstracts heraus entwickelt. Eine m\u00f6gliche Orientierung bieten die Themenbereiche.<\/p>\n\n\n\n<p>Zu jedem Round Table bestehen 2 m\u00f6gliche Beitragsformate:<\/p>\n\n\n\n<figure class=\"wp-block-table is-style-stripes\"><table><tbody><tr><td>Expertise-Inputs<\/td><td>Zu jedem Round Table k\u00f6nnen Sie sich in Form eines kurzen Expertise-Inputs (z.B. inhaltliche Einf\u00fchrung, \u00dcberblicksdarstellungen, Ergebnisse aus wissenschaftlichen Studien) mit einer Dauer von 5 &#8211; 10 Minuten einbringen<\/td><\/tr><tr><td>Praxisimpulse<\/td><td>Des Weiteren besteht die M\u00f6glichkeit, in einer ca. 5 -10 min\u00fctigen Sequenz (Pecha-Kucha-Inputs, Vorf\u00fchrung, o.\u00c4.) Praxisimpulse zu geben (z.B. Umsetzungskonzepte, Beispielprojekte).<\/td><\/tr><\/tbody><\/table><\/figure>\n<\/div><\/div><\/div>\n\n\n\n<div class=\"wp-block-kadence-pane kt-accordion-pane kt-accordion-pane-2 kt-pane_09677e-c1\"><div class=\"kt-accordion-header-wrap\"><button class=\"kt-blocks-accordion-header kt-acccordion-button-label-show\"><span class=\"kt-blocks-accordion-title-wrap\"><span class=\"kt-blocks-accordion-title\"><strong>DisQspace:<\/strong> Studierendenorientiert und innovativ Lehren und Lernen<\/span><\/span><span class=\"kt-blocks-accordion-icon-trigger\"><\/span><\/button><\/div><div class=\"kt-accordion-panel kt-accordion-panel-hidden\"><div class=\"kt-accordion-panel-inner\">\n<p>Vorstellung von ICM-Lehrkonzepten im offenen DisQspace-Format. Ein Zeitabschnitt innerhalb des DisQspaces betr\u00e4gt ca. 20 Minuten. In dieser zeit k\u00f6nnen Sie in einer ca. 5-10 min\u00fctigen Sequenz (s. Beitragsformen) Beispiele aus Ihrer Lehre pr\u00e4sentieren und anschlie\u00dfend mit den Teilnehmenden diskutieren oder auch mit ihnen ausprobieren.<\/p>\n\n\n\n<p>Informationen zu diesem Format erhalten Sie hier:<\/p>\n\n\n\n<p><a href=\"https:\/\/www.youtube.com\/watch?v=UQxRqBron9U\">YouTube (Link)<\/a><\/p>\n\n\n\n<p><a href=\"https:\/\/marjorie-wiki.de\/wiki\/Disqspace\">Marjorie-Wiki (Link)<\/a><\/p>\n\n\n\n<p>M\u00f6gliche Beitragsformen sind z.B. Pecha-Kucha-Input, Poster, Praktische\/Interaktive Pr\u00e4sentation (&#8230; es handelt sich um ein sehr freies Format, das von Ihren Ideen lebt).<\/p>\n<\/div><\/div><\/div>\n\n\n\n<div class=\"wp-block-kadence-pane kt-accordion-pane kt-accordion-pane-3 kt-pane_a6df7e-64\"><div class=\"kt-accordion-header-wrap\"><button class=\"kt-blocks-accordion-header kt-acccordion-button-label-show\"><span class=\"kt-blocks-accordion-title-wrap\"><span class=\"kt-blocks-accordion-title\"><strong>Workshop<\/strong><\/span><\/span><span class=\"kt-blocks-accordion-icon-trigger\"><\/span><\/button><\/div><div class=\"kt-accordion-panel kt-accordion-panel-hidden\"><div class=\"kt-accordion-panel-inner\">\n<p>Workshops sind ein Format f\u00fcr Kleingruppen mit begrenzter Teilnehmerzahl, das durch eine intensive moderierte und kooperative Arbeitsweise gekennzeichnet und auf ein konkretes Ziel ausgerichtet ist. Workshops bieten Raum f\u00fcr Diskussion und individuelle Begleitung. Damit besteht die St\u00e4rke des Formats darin, dass intensiv an einem konkreten Ziel gearbeitet werden kann.<\/p>\n\n\n\n<p>Die Workshops werden eigenverantwortlich von den Ausrichtenden gestaltet, ein wesentliches Kennzeichen ist jedoch die Aktivierung der Teilnehmenden. Sie d\u00fcrfen bis zu 90 Minuten in Anspruch nehmen (bitte geben Sie bei der Einreichung einen zeitlichen Rahmen an). Ben\u00f6tigte Materialien k\u00f6nnen in Absprache organisiert werden.<\/p>\n<\/div><\/div><\/div>\n\n\n\n<div class=\"wp-block-kadence-pane kt-accordion-pane kt-accordion-pane-4 kt-pane_085796-1f\"><div class=\"kt-accordion-header-wrap\"><button class=\"kt-blocks-accordion-header kt-acccordion-button-label-show\"><span class=\"kt-blocks-accordion-title-wrap\"><span class=\"kt-blocks-accordion-title\"><strong>Poster<\/strong><\/span><\/span><span class=\"kt-blocks-accordion-icon-trigger\"><\/span><\/button><\/div><div class=\"kt-accordion-panel kt-accordion-panel-hidden\"><div class=\"kt-accordion-panel-inner\">\n<p>Poster im Format A0 werden w\u00e4hrend der gesamten Tagung ausgestellt. Stellw\u00e4nde stehen bereit, wir bitten Sie, Material zum Befestigen mitzubringen. Die Posterausstellung hat einen eigenen Sessionslot, in dem Sie ihr Poster erl\u00e4utern k\u00f6nnen. Dar\u00fcber hinaus kann die Posterausstellung in Pausen besucht werden.<\/p>\n\n\n\n<p><strong>Tipp:<\/strong> Das Bereitstellen von Handouts bzw. QR-Codes zum Download des Posters oder Handouts ist zu empfehlen.<\/p>\n<\/div><\/div><\/div>\n\n\n\n<div class=\"wp-block-kadence-pane kt-accordion-pane kt-accordion-pane-5 kt-pane_54b4bf-6a\"><div class=\"kt-accordion-header-wrap\"><button class=\"kt-blocks-accordion-header kt-acccordion-button-label-show\"><span class=\"kt-blocks-accordion-title-wrap\"><span class=\"kt-blocks-accordion-title\"><strong>Pecha Kucha Inputs<\/strong> (6&#8217;40; viel Einsatz von Bildern)<\/span><\/span><span class=\"kt-blocks-accordion-icon-trigger\"><\/span><\/button><\/div><div class=\"kt-accordion-panel kt-accordion-panel-hidden\"><div class=\"kt-accordion-panel-inner\">\n<p>Pecha Kucha (gesprochen Petscha Kutscha) kommt aus dem Japanischem und hei\u00dft so viel wie &#8222;Plaudern&#8220;. Es geht darum, sich von einer vorgefertigten und \u00fcberladenen Struktur von PowerPoint-Pr\u00e4sentationen zu l\u00f6sen und nach einem festgelegten Prozedere einen Vortrag zu halten.<\/p>\n\n\n\n<ul class=\"wp-block-list\"><li>Pecha Kucha begrenzt Ihre Pr\u00e4sentation auf eine strikte Anzahl an Folien. Vorgegeben sind 20 Folien mit jeweils 20 Sekunden Anzeigedauer. Auf jeder der Folien ist \u00fcblicherweise ein Bild zu sehen.<\/li><li>Statt \u00fcberladener Texte, Diagramm und komplexer Schaubilder gibt es lediglich simple Bilder und Fotos auf den Folien zu sehen.<\/li><li>Als Redner*in m\u00fcssen Sie sich also kurzfassen und sich bei Ihrem Vortrag auf das Wesentliche beschr\u00e4nken.<\/li><\/ul>\n\n\n\n<p>Sie geben Ihre Pr\u00e4sentation im Vorfeld ab und es wird ein automatischer Folienwechsel eingestellt, Ihre Pr\u00e4sentation endet somit automatisch nach sp\u00e4testens 6 Minuten und 40 Sekunden.<\/p>\n<\/div><\/div><\/div>\n<\/div><\/div><\/div>\n","protected":false},"excerpt":{"rendered":"<p>Eine intensive Auseinandersetzung mit den Inhalten der Konferenz wird durch verschiedene Formate initiiert und begleitet. Durch die M\u00f6glichkeit, andere Pr\u00e4sentationsformate selbst zu erleben und mitzugestalten, k\u00f6nnen gleichzeitig Impulse zur Weiterentwicklung &#8230;<\/p>\n","protected":false},"author":12,"featured_media":0,"parent":1140,"menu_order":2,"comment_status":"closed","ping_status":"closed","template":"","meta":{"footnotes":""},"class_list":["post-1303","page","type-page","status-publish","hentry"],"_links":{"self":[{"href":"https:\/\/www.icmbeyond.net\/index.php?rest_route=\/wp\/v2\/pages\/1303","targetHints":{"allow":["GET"]}}],"collection":[{"href":"https:\/\/www.icmbeyond.net\/index.php?rest_route=\/wp\/v2\/pages"}],"about":[{"href":"https:\/\/www.icmbeyond.net\/index.php?rest_route=\/wp\/v2\/types\/page"}],"author":[{"embeddable":true,"href":"https:\/\/www.icmbeyond.net\/index.php?rest_route=\/wp\/v2\/users\/12"}],"replies":[{"embeddable":true,"href":"https:\/\/www.icmbeyond.net\/index.php?rest_route=%2Fwp%2Fv2%2Fcomments&post=1303"}],"version-history":[{"count":63,"href":"https:\/\/www.icmbeyond.net\/index.php?rest_route=\/wp\/v2\/pages\/1303\/revisions"}],"predecessor-version":[{"id":2308,"href":"https:\/\/www.icmbeyond.net\/index.php?rest_route=\/wp\/v2\/pages\/1303\/revisions\/2308"}],"up":[{"embeddable":true,"href":"https:\/\/www.icmbeyond.net\/index.php?rest_route=\/wp\/v2\/pages\/1140"}],"wp:attachment":[{"href":"https:\/\/www.icmbeyond.net\/index.php?rest_route=%2Fwp%2Fv2%2Fmedia&parent=1303"}],"curies":[{"name":"wp","href":"https:\/\/api.w.org\/{rel}","templated":true}]}}