{"id":1140,"date":"2021-07-08T15:38:38","date_gmt":"2021-07-08T13:38:38","guid":{"rendered":"https:\/\/www.icmbeyond.net\/?page_id=1140"},"modified":"2021-09-27T08:02:07","modified_gmt":"2021-09-27T06:02:07","slug":"call-for-paper","status":"publish","type":"page","link":"https:\/\/www.icmbeyond.net\/?page_id=1140","title":{"rendered":"Call for participation"},"content":{"rendered":"\n<figure class=\"wp-block-image size-large\"><img loading=\"lazy\" decoding=\"async\" width=\"1024\" height=\"276\" src=\"https:\/\/www.icmbeyond.net\/wp-content\/uploads\/2021\/08\/Header_CfP-1024x276.png\" alt=\"\" class=\"wp-image-1603\" srcset=\"https:\/\/www.icmbeyond.net\/wp-content\/uploads\/2021\/08\/Header_CfP-1024x276.png 1024w, https:\/\/www.icmbeyond.net\/wp-content\/uploads\/2021\/08\/Header_CfP-300x81.png 300w, https:\/\/www.icmbeyond.net\/wp-content\/uploads\/2021\/08\/Header_CfP-768x207.png 768w, https:\/\/www.icmbeyond.net\/wp-content\/uploads\/2021\/08\/Header_CfP-1536x414.png 1536w, https:\/\/www.icmbeyond.net\/wp-content\/uploads\/2021\/08\/Header_CfP-2048x551.png 2048w\" sizes=\"auto, (max-width: 1024px) 100vw, 1024px\" \/><\/figure>\n\n\n\n<div style=\"height:15px\" aria-hidden=\"true\" class=\"wp-block-spacer\"><\/div>\n\n\n\n<h3 class=\"wp-block-heading\"><strong>&#8222;Inverted Classroom and beyond&#8220; meets Tag der Lehre<\/strong><\/h3>\n\n\n\n<h3 class=\"wp-block-heading\"><strong>Student Engagement &#8211; aktive Teilhabe von Lernenden in Studium und Schule f\u00f6rdern<\/strong><\/h3>\n\n\n\n<p>22. &amp; 23. Februar 2022, Universit\u00e4t Paderborn<\/p>\n\n\n\n<div style=\"height:20px\" aria-hidden=\"true\" class=\"wp-block-spacer\"><\/div>\n\n\n\n<p class=\"has-normal-font-size\">In ihrem elften Jahr verbindet sich die Tagung &#8222;Inverted Classroom and beyond&#8220; mit dem Tag der Lehre an der Universit\u00e4t Paderborn und tr\u00e4gt zu einem internationalen Austausch bei. Beide Formate bereichern sich gegenseitig, da nicht nur strukturell, sondern auch inhaltlich eine Verkn\u00fcpfung vorgenommen wird: Das Inverted-Classroom-Modell (ICM) erf\u00e4hrt in diesem Jahr eine besondere Fokussierung durch das Konzept des <em>student engagement<\/em>.<\/p>\n\n\n\n<p class=\"has-normal-font-size\">Eine intensive Auseinandersetzung mit diesen Inhalten wird durch <a href=\"https:\/\/www.icmbeyond.net\/?page_id=1303\" data-type=\"page\" data-id=\"1303\">vielf\u00e4ltige Formate<\/a> initiiert und begleitet. Durch die M\u00f6glichkeit, andere Pr\u00e4sentationsformate selbst zu erleben und mitzugestalten, k\u00f6nnen gleichzeitig Impulse zur Weiterentwicklung innovativer Hochschuldidaktik entstehen.<\/p>\n\n\n\n<p class=\"has-normal-font-size\">Wir freuen uns auf m\u00f6glichst vielf\u00e4ltige Einreichungen, die bis zum <strong>01. Oktober 2021<\/strong> \u00fcber <a href=\"https:\/\/events.uni-paderborn.de\/event\/122\/\">das Portal der Universit\u00e4t Paderborn<\/a> m\u00f6glich sind. Nach dem Login finden Sie ein Formular, in dem Sie die Zuordnungen und ihren Beitrag hochladen.<\/p>\n\n\n\n<p class=\"has-normal-font-size\">Weiterf\u00fchrende Informationen zu den Themen ICM und <em>student engagement <\/em>sowie den Beitragsformaten und den Einreichungsbedingungen finden Sie im ausf\u00fchrlichen Call for participation.<\/p>\n\n\n\n<div class=\"wp-block-buttons is-layout-flex wp-block-buttons-is-layout-flex\">\n<div class=\"wp-block-button\"><a class=\"wp-block-button__link\" href=\"https:\/\/www.icmbeyond.net\/?page_id=1303\">Beitragsformate<\/a><\/div>\n<\/div>\n\n\n\n<div style=\"height:72px\" aria-hidden=\"true\" class=\"wp-block-spacer\"><\/div>\n\n\n\n<h3 class=\"wp-block-heading\"><strong>Calls for participation:<\/strong><\/h3>\n\n\n\n<div class=\"wp-block-columns is-layout-flex wp-container-core-columns-is-layout-9d6595d7 wp-block-columns-is-layout-flex\">\n<div class=\"wp-block-column is-layout-flow wp-block-column-is-layout-flow\">\n<h3 class=\"has-text-align-center wp-block-heading\"><strong>ICMbeyond 2022<\/strong><\/h3>\n\n\n\n<div class=\"wp-block-quick-download-button-download-button button--download\"><div class=\"custom-download-button-inner\"><button class=\"g-btn f-l position-relative shadow\" type=\"button\" data-attachment-id=\"3256\" data-page-id=\"1626\" data-post-id=\"\" data-have-external=\"false\" data-external-url=\"https:\/\/www.icmbeyond.net\/wp-content\/uploads\/2021\/08\/Call-for-Participation-Inverted-Classroom-and-beyond.pdf\" data-wait-duration=\"0\" data-spinner=\"0\" title=\"Download\">Download<\/button><p class=\"up\"><i class=\"fi fi-pdf\"><\/i><\/p><p class=\"down\"><i class=\"fi-folder-o\"><\/i>227 kB<\/p><\/div><\/div>\n<\/div>\n\n\n\n<div class=\"wp-block-column is-layout-flow wp-block-column-is-layout-flow\">\n<h3 class=\"has-text-align-center wp-block-heading\"><strong>Tag der Lehre 2022<\/strong><\/h3>\n\n\n\n<div class=\"wp-block-quick-download-button-download-button button--download\"><div class=\"custom-download-button-inner\"><button class=\"g-btn f-l position-relative shadow\" type=\"button\" data-attachment-id=\"3262\" data-page-id=\"1626\" data-post-id=\"\" data-have-external=\"false\" data-external-url=\"https:\/\/www.icmbeyond.net\/wp-content\/uploads\/2021\/08\/Call-for-Participation-Tag-der-Lehre.pdf\" data-wait-duration=\"0\" data-spinner=\"0\" title=\"Download\">Download<\/button><p class=\"up\"><i class=\"fi fi-pdf\"><\/i><\/p><p class=\"down\"><i class=\"fi-folder-o\"><\/i>288 kB<\/p><\/div><\/div>\n\n\n\n<p><\/p>\n<\/div>\n<\/div>\n","protected":false},"excerpt":{"rendered":"<p>&#8222;Inverted Classroom and beyond&#8220; meets Tag der Lehre Student Engagement &#8211; aktive Teilhabe von Lernenden in Studium und Schule f\u00f6rdern 22. &amp; 23. Februar 2022, Universit\u00e4t Paderborn In ihrem elften &#8230;<\/p>\n","protected":false},"author":11,"featured_media":0,"parent":0,"menu_order":2,"comment_status":"closed","ping_status":"closed","template":"","meta":{"footnotes":""},"class_list":["post-1140","page","type-page","status-publish","hentry"],"_links":{"self":[{"href":"https:\/\/www.icmbeyond.net\/index.php?rest_route=\/wp\/v2\/pages\/1140","targetHints":{"allow":["GET"]}}],"collection":[{"href":"https:\/\/www.icmbeyond.net\/index.php?rest_route=\/wp\/v2\/pages"}],"about":[{"href":"https:\/\/www.icmbeyond.net\/index.php?rest_route=\/wp\/v2\/types\/page"}],"author":[{"embeddable":true,"href":"https:\/\/www.icmbeyond.net\/index.php?rest_route=\/wp\/v2\/users\/11"}],"replies":[{"embeddable":true,"href":"https:\/\/www.icmbeyond.net\/index.php?rest_route=%2Fwp%2Fv2%2Fcomments&post=1140"}],"version-history":[{"count":17,"href":"https:\/\/www.icmbeyond.net\/index.php?rest_route=\/wp\/v2\/pages\/1140\/revisions"}],"predecessor-version":[{"id":1842,"href":"https:\/\/www.icmbeyond.net\/index.php?rest_route=\/wp\/v2\/pages\/1140\/revisions\/1842"}],"wp:attachment":[{"href":"https:\/\/www.icmbeyond.net\/index.php?rest_route=%2Fwp%2Fv2%2Fmedia&parent=1140"}],"curies":[{"name":"wp","href":"https:\/\/api.w.org\/{rel}","templated":true}]}}